{"id":18299,"date":"2022-01-26T21:38:11","date_gmt":"2022-01-26T21:38:11","guid":{"rendered":"https:\/\/ethique-rlaroche.profweb.ca\/?page_id=18299"},"modified":"2022-01-26T22:42:02","modified_gmt":"2022-01-26T22:42:02","slug":"la-revolte-du-tribunal-du-comte-de-marin","status":"publish","type":"page","link":"http:\/\/www.ethique-rlaroche.philo-cvm.ca\/?page_id=18299","title":{"rendered":"La r\u00e9volte du tribunal du comt\u00e9 de Marin"},"content":{"rendered":"\n<div class=\"wp-block-image\"><figure class=\"aligncenter size-large\"><img loading=\"lazy\" decoding=\"async\" width=\"1024\" height=\"540\" src=\"http:\/\/www.philo-cvm.ca\/wp-content\/uploads\/2022\/01\/1200x0-e1596811384239-2-1024x540.jpg\" alt=\"\" class=\"wp-image-18301\" srcset=\"http:\/\/www.ethique-rlaroche.philo-cvm.ca\/wp-content\/uploads\/2022\/01\/1200x0-e1596811384239-2-1024x540.jpg 1024w, http:\/\/www.ethique-rlaroche.philo-cvm.ca\/wp-content\/uploads\/2022\/01\/1200x0-e1596811384239-2-300x158.jpg 300w, http:\/\/www.ethique-rlaroche.philo-cvm.ca\/wp-content\/uploads\/2022\/01\/1200x0-e1596811384239-2-768x405.jpg 768w, http:\/\/www.ethique-rlaroche.philo-cvm.ca\/wp-content\/uploads\/2022\/01\/1200x0-e1596811384239-2.jpg 1200w\" sizes=\"auto, (max-width: 1024px) 100vw, 1024px\" \/><figcaption>\u00ab Le 7 ao\u00fbt 1970 \u2013 il y a 50 ans \u2013 Jonathan Peter Jackson, le fr\u00e8re de George Jackson, \u00e2g\u00e9 de 17 ans, fait irruption avec trois armes \u00e0 feu dans le palais de justice du comt\u00e9 de Marin (\u00e0 San Rafael, Californie), o\u00f9 le juge Harold Haley pr\u00e9side le proc\u00e8s du prisonnier de San Quentin, James McClain. Jonathan sort les armes de sa sacoche et, avec l\u2019aide de McClain et de deux autres prisonniers politiques qui \u00e9taient l\u00e0 en tant que t\u00e9moins pour McClain, Ruchell Magee et William Christmas, prend en otage le juge Haley, le procureur adjoint Gary Thomas et trois jur\u00e9s. \u00bb https:\/\/acta.zone\/7-aout-1970-le-suicide-revolutionnaire-de-jonathan-jackson\/<\/figcaption><\/figure><\/div>\n\n\n\n<h5 class=\"has-text-align-center wp-block-heading\" id=\"quelle-definition-donner-du-concept-de-revolte\">Quelle d\u00e9finition donner du concept de \u00abr\u00e9volte\u00bb?<\/h5>\n","protected":false},"excerpt":{"rendered":"<p>Quelle d\u00e9finition donner du concept de \u00abr\u00e9volte\u00bb?<\/p>\n","protected":false},"author":1,"featured_media":18303,"parent":0,"menu_order":0,"comment_status":"open","ping_status":"closed","template":"","meta":{"footnotes":""},"class_list":["post-18299","page","type-page","status-publish","has-post-thumbnail","hentry"],"_links":{"self":[{"href":"http:\/\/www.ethique-rlaroche.philo-cvm.ca\/index.php?rest_route=\/wp\/v2\/pages\/18299","targetHints":{"allow":["GET"]}}],"collection":[{"href":"http:\/\/www.ethique-rlaroche.philo-cvm.ca\/index.php?rest_route=\/wp\/v2\/pages"}],"about":[{"href":"http:\/\/www.ethique-rlaroche.philo-cvm.ca\/index.php?rest_route=\/wp\/v2\/types\/page"}],"author":[{"embeddable":true,"href":"http:\/\/www.ethique-rlaroche.philo-cvm.ca\/index.php?rest_route=\/wp\/v2\/users\/1"}],"replies":[{"embeddable":true,"href":"http:\/\/www.ethique-rlaroche.philo-cvm.ca\/index.php?rest_route=%2Fwp%2Fv2%2Fcomments&post=18299"}],"version-history":[{"count":4,"href":"http:\/\/www.ethique-rlaroche.philo-cvm.ca\/index.php?rest_route=\/wp\/v2\/pages\/18299\/revisions"}],"predecessor-version":[{"id":18320,"href":"http:\/\/www.ethique-rlaroche.philo-cvm.ca\/index.php?rest_route=\/wp\/v2\/pages\/18299\/revisions\/18320"}],"wp:featuredmedia":[{"embeddable":true,"href":"http:\/\/www.ethique-rlaroche.philo-cvm.ca\/index.php?rest_route=\/wp\/v2\/media\/18303"}],"wp:attachment":[{"href":"http:\/\/www.ethique-rlaroche.philo-cvm.ca\/index.php?rest_route=%2Fwp%2Fv2%2Fmedia&parent=18299"}],"curies":[{"name":"wp","href":"https:\/\/api.w.org\/{rel}","templated":true}]}}