{"id":17239,"date":"2021-11-21T15:24:19","date_gmt":"2021-11-21T15:24:19","guid":{"rendered":"https:\/\/ethique-rlaroche.profweb.ca\/?page_id=17239"},"modified":"2021-11-21T15:26:09","modified_gmt":"2021-11-21T15:26:09","slug":"louis-karl-picard-sioui-au-pied-de-mon-orgueil-5","status":"publish","type":"page","link":"http:\/\/www.ethique-rlaroche.philo-cvm.ca\/?page_id=17239","title":{"rendered":"Louis-Karl Picard-Sioui, Au pied de mon orgueil.5"},"content":{"rendered":"\n<p>deux perles bris\u00e9es<\/p>\n\n\n\n<p>maintenant<\/p>\n\n\n\n<p>une lune en berne<\/p>\n\n\n\n<p>un tapis vert de foin<\/p>\n\n\n\n<p>abandonn\u00e9 sur un vinyle<\/p>\n\n\n\n<p>fatigu\u00e9 comme nous<\/p>\n\n\n\n<p>un lit endeuill\u00e9 de draps trop propres<\/p>\n\n\n\n<p>des coussins affaiss\u00e9s ne tentant plus personne<\/p>\n\n\n\n<p>une garde-robe vide et partout<\/p>\n\n\n\n<p>maintenant<\/p>\n\n\n\n<p>la louve me d\u00e9fie<\/p>\n\n\n\n<div class=\"wp-block-buttons is-layout-flex wp-block-buttons-is-layout-flex\">\n<div class=\"wp-block-button\"><a class=\"wp-block-button__link\" href=\"http:\/\/www.philo-cvm.ca\/?page_id=5878\">Bivouac<\/a><\/div>\n<\/div>\n","protected":false},"excerpt":{"rendered":"<p>deux perles bris\u00e9es maintenant une lune en berne un tapis vert de foin abandonn\u00e9 sur un vinyle fatigu\u00e9 comme nous un lit endeuill\u00e9 de draps &#8230;<\/p>\n","protected":false},"author":1,"featured_media":17240,"parent":0,"menu_order":0,"comment_status":"closed","ping_status":"closed","template":"","meta":{"footnotes":""},"class_list":["post-17239","page","type-page","status-publish","has-post-thumbnail","hentry"],"_links":{"self":[{"href":"http:\/\/www.ethique-rlaroche.philo-cvm.ca\/index.php?rest_route=\/wp\/v2\/pages\/17239","targetHints":{"allow":["GET"]}}],"collection":[{"href":"http:\/\/www.ethique-rlaroche.philo-cvm.ca\/index.php?rest_route=\/wp\/v2\/pages"}],"about":[{"href":"http:\/\/www.ethique-rlaroche.philo-cvm.ca\/index.php?rest_route=\/wp\/v2\/types\/page"}],"author":[{"embeddable":true,"href":"http:\/\/www.ethique-rlaroche.philo-cvm.ca\/index.php?rest_route=\/wp\/v2\/users\/1"}],"replies":[{"embeddable":true,"href":"http:\/\/www.ethique-rlaroche.philo-cvm.ca\/index.php?rest_route=%2Fwp%2Fv2%2Fcomments&post=17239"}],"version-history":[{"count":2,"href":"http:\/\/www.ethique-rlaroche.philo-cvm.ca\/index.php?rest_route=\/wp\/v2\/pages\/17239\/revisions"}],"predecessor-version":[{"id":17243,"href":"http:\/\/www.ethique-rlaroche.philo-cvm.ca\/index.php?rest_route=\/wp\/v2\/pages\/17239\/revisions\/17243"}],"wp:featuredmedia":[{"embeddable":true,"href":"http:\/\/www.ethique-rlaroche.philo-cvm.ca\/index.php?rest_route=\/wp\/v2\/media\/17240"}],"wp:attachment":[{"href":"http:\/\/www.ethique-rlaroche.philo-cvm.ca\/index.php?rest_route=%2Fwp%2Fv2%2Fmedia&parent=17239"}],"curies":[{"name":"wp","href":"https:\/\/api.w.org\/{rel}","templated":true}]}}