{"id":17231,"date":"2021-11-21T15:05:29","date_gmt":"2021-11-21T15:05:29","guid":{"rendered":"https:\/\/ethique-rlaroche.profweb.ca\/?page_id=17231"},"modified":"2021-11-21T15:13:21","modified_gmt":"2021-11-21T15:13:21","slug":"louis-karl-picard-sioui-au-pied-de-mon-orgueil-3","status":"publish","type":"page","link":"http:\/\/www.ethique-rlaroche.philo-cvm.ca\/?page_id=17231","title":{"rendered":"Louis-Karl Picard-Sioui, Au pied de mon orgueil.3"},"content":{"rendered":"\n<p>perles en main<\/p>\n\n\n\n<p>soutenir la bravade<\/p>\n\n\n\n<p>un destin tronqu\u00e9<\/p>\n\n\n\n<p>un fond de tirelire contre la Voie lact\u00e9e<\/p>\n\n\n\n<p>une lune engross\u00e9e<\/p>\n\n\n\n<p>hurlant la mort du bien-aim\u00e9<\/p>\n\n\n\n<p>perles en main<\/p>\n\n\n\n<p>oser croire<\/p>\n\n\n\n<p>croire encore<\/p>\n\n\n\n<p>deux fois plut\u00f4t qu&rsquo;une<\/p>\n\n\n\n<div class=\"wp-block-buttons is-layout-flex wp-block-buttons-is-layout-flex\">\n<div class=\"wp-block-button\"><a class=\"wp-block-button__link\" href=\"http:\/\/www.philo-cvm.ca\/?page_id=17235\">Sentier<\/a><\/div>\n<\/div>\n","protected":false},"excerpt":{"rendered":"<p>perles en main soutenir la bravade un destin tronqu\u00e9 un fond de tirelire contre la Voie lact\u00e9e une lune engross\u00e9e hurlant la mort du bien-aim\u00e9 &#8230;<\/p>\n","protected":false},"author":1,"featured_media":17232,"parent":0,"menu_order":0,"comment_status":"closed","ping_status":"closed","template":"","meta":{"footnotes":""},"class_list":["post-17231","page","type-page","status-publish","has-post-thumbnail","hentry"],"_links":{"self":[{"href":"http:\/\/www.ethique-rlaroche.philo-cvm.ca\/index.php?rest_route=\/wp\/v2\/pages\/17231","targetHints":{"allow":["GET"]}}],"collection":[{"href":"http:\/\/www.ethique-rlaroche.philo-cvm.ca\/index.php?rest_route=\/wp\/v2\/pages"}],"about":[{"href":"http:\/\/www.ethique-rlaroche.philo-cvm.ca\/index.php?rest_route=\/wp\/v2\/types\/page"}],"author":[{"embeddable":true,"href":"http:\/\/www.ethique-rlaroche.philo-cvm.ca\/index.php?rest_route=\/wp\/v2\/users\/1"}],"replies":[{"embeddable":true,"href":"http:\/\/www.ethique-rlaroche.philo-cvm.ca\/index.php?rest_route=%2Fwp%2Fv2%2Fcomments&post=17231"}],"version-history":[{"count":2,"href":"http:\/\/www.ethique-rlaroche.philo-cvm.ca\/index.php?rest_route=\/wp\/v2\/pages\/17231\/revisions"}],"predecessor-version":[{"id":17238,"href":"http:\/\/www.ethique-rlaroche.philo-cvm.ca\/index.php?rest_route=\/wp\/v2\/pages\/17231\/revisions\/17238"}],"wp:featuredmedia":[{"embeddable":true,"href":"http:\/\/www.ethique-rlaroche.philo-cvm.ca\/index.php?rest_route=\/wp\/v2\/media\/17232"}],"wp:attachment":[{"href":"http:\/\/www.ethique-rlaroche.philo-cvm.ca\/index.php?rest_route=%2Fwp%2Fv2%2Fmedia&parent=17231"}],"curies":[{"name":"wp","href":"https:\/\/api.w.org\/{rel}","templated":true}]}}