{"id":17212,"date":"2021-11-21T14:14:31","date_gmt":"2021-11-21T14:14:31","guid":{"rendered":"https:\/\/ethique-rlaroche.profweb.ca\/?page_id=17212"},"modified":"2021-11-21T14:19:13","modified_gmt":"2021-11-21T14:19:13","slug":"an-antane-kapesh-quas-tu-fait-de-mon-pays6","status":"publish","type":"page","link":"http:\/\/www.ethique-rlaroche.philo-cvm.ca\/?page_id=17212","title":{"rendered":"An Antane Kapesh, Qu\u2019as-tu fait de mon pays?6"},"content":{"rendered":"\n<p>\u00c0 l\u2019endroit o\u00f9 il \u00e9tait, il ne cultivait pas. Il ne faisait pousser ni la nourriture ni les petits fruits. Il y avait plusieurs esp\u00e8ces d\u2019animaux \u00e0 quatre pattes et plusieurs esp\u00e8ces de poissons dans les lacs et les rivi\u00e8res. Quant aux petits fruits, plusieurs vari\u00e9t\u00e9s poussaient naturellement un peu partout. C\u2019\u00e9taient l\u00e0 ses seules ressources et assur\u00e9ment que lui et son petit-fils \u00e9taient en bonne sant\u00e9, ils mangeaient toujours de la nourriture fra\u00eeche. Ce n\u2019\u00e9tait pas gr\u00e2ce \u00e0 l\u2019argent que le vieux pourvoyait \u00e0 ses besoins, il ne connaissait pas l\u2019argent, il n\u2019en avait jamais vu. Par contre, son territoire \u00e9tait toujours propre.<\/p>\n\n\n\n<div class=\"wp-block-buttons is-layout-flex wp-block-buttons-is-layout-flex\">\n<div class=\"wp-block-button\"><a class=\"wp-block-button__link\" href=\"http:\/\/www.philo-cvm.ca\/?page_id=6666\">Bivouac<\/a><\/div>\n<\/div>\n","protected":false},"excerpt":{"rendered":"<p>\u00c0 l\u2019endroit o\u00f9 il \u00e9tait, il ne cultivait pas. Il ne faisait pousser ni la nourriture ni les petits fruits. Il y avait plusieurs esp\u00e8ces &#8230;<\/p>\n","protected":false},"author":1,"featured_media":17215,"parent":0,"menu_order":0,"comment_status":"closed","ping_status":"closed","template":"","meta":{"footnotes":""},"class_list":["post-17212","page","type-page","status-publish","has-post-thumbnail","hentry"],"_links":{"self":[{"href":"http:\/\/www.ethique-rlaroche.philo-cvm.ca\/index.php?rest_route=\/wp\/v2\/pages\/17212","targetHints":{"allow":["GET"]}}],"collection":[{"href":"http:\/\/www.ethique-rlaroche.philo-cvm.ca\/index.php?rest_route=\/wp\/v2\/pages"}],"about":[{"href":"http:\/\/www.ethique-rlaroche.philo-cvm.ca\/index.php?rest_route=\/wp\/v2\/types\/page"}],"author":[{"embeddable":true,"href":"http:\/\/www.ethique-rlaroche.philo-cvm.ca\/index.php?rest_route=\/wp\/v2\/users\/1"}],"replies":[{"embeddable":true,"href":"http:\/\/www.ethique-rlaroche.philo-cvm.ca\/index.php?rest_route=%2Fwp%2Fv2%2Fcomments&post=17212"}],"version-history":[{"count":2,"href":"http:\/\/www.ethique-rlaroche.philo-cvm.ca\/index.php?rest_route=\/wp\/v2\/pages\/17212\/revisions"}],"predecessor-version":[{"id":17217,"href":"http:\/\/www.ethique-rlaroche.philo-cvm.ca\/index.php?rest_route=\/wp\/v2\/pages\/17212\/revisions\/17217"}],"wp:featuredmedia":[{"embeddable":true,"href":"http:\/\/www.ethique-rlaroche.philo-cvm.ca\/index.php?rest_route=\/wp\/v2\/media\/17215"}],"wp:attachment":[{"href":"http:\/\/www.ethique-rlaroche.philo-cvm.ca\/index.php?rest_route=%2Fwp%2Fv2%2Fmedia&parent=17212"}],"curies":[{"name":"wp","href":"https:\/\/api.w.org\/{rel}","templated":true}]}}