{"id":17202,"date":"2021-11-21T14:00:45","date_gmt":"2021-11-21T14:00:45","guid":{"rendered":"https:\/\/ethique-rlaroche.profweb.ca\/?page_id=17202"},"modified":"2021-11-21T14:12:14","modified_gmt":"2021-11-21T14:12:14","slug":"an-antane-kapesh-quas-tu-fait-de-mon-pays4","status":"publish","type":"page","link":"http:\/\/www.ethique-rlaroche.philo-cvm.ca\/?page_id=17202","title":{"rendered":"An Antane Kapesh, Qu\u2019as-tu fait de mon pays?4"},"content":{"rendered":"\n<p>Le vieux, qui \u00e9tait seul dans la for\u00eat, avait une fa\u00e7on de vivre remarquable tellement elle \u00e9tait ing\u00e9nieuse. Il ne manquait de rien, il \u00e9tait tr\u00e8s bien. Son territoire \u00e9tait tr\u00e8s beau et tr\u00e8s grand. Il poss\u00e9dait plusieurs rivi\u00e8res qui se jetaient dans la mer. Et dans la for\u00eat, l\u00e0 o\u00f9 il vivait, il ne d\u00e9pendait que de lui-m\u00eame pour subsister.<\/p>\n\n\n\n<div class=\"wp-block-buttons is-layout-flex wp-block-buttons-is-layout-flex\">\n<div class=\"wp-block-button\"><a class=\"wp-block-button__link\" href=\"http:\/\/www.philo-cvm.ca\/?page_id=17206\">Sentier<\/a><\/div>\n<\/div>\n","protected":false},"excerpt":{"rendered":"<p>Le vieux, qui \u00e9tait seul dans la for\u00eat, avait une fa\u00e7on de vivre remarquable tellement elle \u00e9tait ing\u00e9nieuse. Il ne manquait de rien, il \u00e9tait &#8230;<\/p>\n","protected":false},"author":1,"featured_media":17204,"parent":0,"menu_order":0,"comment_status":"closed","ping_status":"closed","template":"","meta":{"footnotes":""},"class_list":["post-17202","page","type-page","status-publish","has-post-thumbnail","hentry"],"_links":{"self":[{"href":"http:\/\/www.ethique-rlaroche.philo-cvm.ca\/index.php?rest_route=\/wp\/v2\/pages\/17202","targetHints":{"allow":["GET"]}}],"collection":[{"href":"http:\/\/www.ethique-rlaroche.philo-cvm.ca\/index.php?rest_route=\/wp\/v2\/pages"}],"about":[{"href":"http:\/\/www.ethique-rlaroche.philo-cvm.ca\/index.php?rest_route=\/wp\/v2\/types\/page"}],"author":[{"embeddable":true,"href":"http:\/\/www.ethique-rlaroche.philo-cvm.ca\/index.php?rest_route=\/wp\/v2\/users\/1"}],"replies":[{"embeddable":true,"href":"http:\/\/www.ethique-rlaroche.philo-cvm.ca\/index.php?rest_route=%2Fwp%2Fv2%2Fcomments&post=17202"}],"version-history":[{"count":2,"href":"http:\/\/www.ethique-rlaroche.philo-cvm.ca\/index.php?rest_route=\/wp\/v2\/pages\/17202\/revisions"}],"predecessor-version":[{"id":17211,"href":"http:\/\/www.ethique-rlaroche.philo-cvm.ca\/index.php?rest_route=\/wp\/v2\/pages\/17202\/revisions\/17211"}],"wp:featuredmedia":[{"embeddable":true,"href":"http:\/\/www.ethique-rlaroche.philo-cvm.ca\/index.php?rest_route=\/wp\/v2\/media\/17204"}],"wp:attachment":[{"href":"http:\/\/www.ethique-rlaroche.philo-cvm.ca\/index.php?rest_route=%2Fwp%2Fv2%2Fmedia&parent=17202"}],"curies":[{"name":"wp","href":"https:\/\/api.w.org\/{rel}","templated":true}]}}