{"id":17086,"date":"2021-11-20T19:35:45","date_gmt":"2021-11-20T19:35:45","guid":{"rendered":"https:\/\/ethique-rlaroche.profweb.ca\/?page_id=17086"},"modified":"2021-11-20T19:50:51","modified_gmt":"2021-11-20T19:50:51","slug":"jean-sioui-le-couteau-croche-3","status":"publish","type":"page","link":"http:\/\/www.ethique-rlaroche.philo-cvm.ca\/?page_id=17086","title":{"rendered":"Jean Sioui, Le couteau croche.3"},"content":{"rendered":"\n<p>Le cat\u00e9chisme me sort des yeux<\/p>\n\n\n\n<p>Ma t\u00eate br\u00fble des c\u0153urs en robes noires <\/p>\n\n\n\n<p>Assis sur des murailles froides<\/p>\n\n\n\n<p>Je compte la neige flocon par flocon<\/p>\n\n\n\n<p>Pendant que des navires aux dents de fer<\/p>\n\n\n\n<p>Grugent les glaces sous des regards en croisi\u00e8re<\/p>\n\n\n\n<p>Ma pens\u00e9e glisse vers des plaines ensanglant\u00e9es<\/p>\n\n\n\n<p>Que le loup a quitt\u00e9es en hurlant un sacre anglais<\/p>\n\n\n\n<p>\u00c0 la seigneurie de Sillery <\/p>\n\n\n\n<p>Je tourne les pages d&rsquo;un acte de propri\u00e9t\u00e9<\/p>\n\n\n\n<p>Sign\u00e9 par des hommes aux grands sourcils<\/p>\n\n\n\n<p>Qui ont toujours voulu mon bien<\/p>\n\n\n\n<p>Il est bon d&rsquo;en parler<\/p>\n\n\n\n<div class=\"wp-block-buttons is-layout-flex wp-block-buttons-is-layout-flex\">\n<div class=\"wp-block-button\"><a class=\"wp-block-button__link\" href=\"http:\/\/www.philo-cvm.ca\/?page_id=5999\">Sentier<\/a><\/div>\n<\/div>\n","protected":false},"excerpt":{"rendered":"<p>Le cat\u00e9chisme me sort des yeux Ma t\u00eate br\u00fble des c\u0153urs en robes noires Assis sur des murailles froides Je compte la neige flocon par &#8230;<\/p>\n","protected":false},"author":1,"featured_media":17089,"parent":0,"menu_order":0,"comment_status":"closed","ping_status":"closed","template":"","meta":{"footnotes":""},"class_list":["post-17086","page","type-page","status-publish","has-post-thumbnail","hentry"],"_links":{"self":[{"href":"http:\/\/www.ethique-rlaroche.philo-cvm.ca\/index.php?rest_route=\/wp\/v2\/pages\/17086","targetHints":{"allow":["GET"]}}],"collection":[{"href":"http:\/\/www.ethique-rlaroche.philo-cvm.ca\/index.php?rest_route=\/wp\/v2\/pages"}],"about":[{"href":"http:\/\/www.ethique-rlaroche.philo-cvm.ca\/index.php?rest_route=\/wp\/v2\/types\/page"}],"author":[{"embeddable":true,"href":"http:\/\/www.ethique-rlaroche.philo-cvm.ca\/index.php?rest_route=\/wp\/v2\/users\/1"}],"replies":[{"embeddable":true,"href":"http:\/\/www.ethique-rlaroche.philo-cvm.ca\/index.php?rest_route=%2Fwp%2Fv2%2Fcomments&post=17086"}],"version-history":[{"count":4,"href":"http:\/\/www.ethique-rlaroche.philo-cvm.ca\/index.php?rest_route=\/wp\/v2\/pages\/17086\/revisions"}],"predecessor-version":[{"id":17095,"href":"http:\/\/www.ethique-rlaroche.philo-cvm.ca\/index.php?rest_route=\/wp\/v2\/pages\/17086\/revisions\/17095"}],"wp:featuredmedia":[{"embeddable":true,"href":"http:\/\/www.ethique-rlaroche.philo-cvm.ca\/index.php?rest_route=\/wp\/v2\/media\/17089"}],"wp:attachment":[{"href":"http:\/\/www.ethique-rlaroche.philo-cvm.ca\/index.php?rest_route=%2Fwp%2Fv2%2Fmedia&parent=17086"}],"curies":[{"name":"wp","href":"https:\/\/api.w.org\/{rel}","templated":true}]}}