{"id":1457,"date":"2020-01-25T16:19:26","date_gmt":"2020-01-25T16:19:26","guid":{"rendered":"https:\/\/ethique-rlaroche.profweb.ca\/?page_id=1457"},"modified":"2023-11-28T16:10:16","modified_gmt":"2023-11-28T16:10:16","slug":"cultures-autochtones-mediagraphie","status":"publish","type":"page","link":"http:\/\/www.ethique-rlaroche.philo-cvm.ca\/?page_id=1457","title":{"rendered":"Cultures autochtones &#8211; M\u00e9diagraphie"},"content":{"rendered":"\n<p>Si vous \u00eates int\u00e9ress\u00e9s \u00e0 poursuivre la r\u00e9flexion \u00e0 l&rsquo;aide d&rsquo;une approche marxiste, il faut lire :<\/p>\n\n\n\n<ul class=\"wp-block-list\">\n<li><a rel=\"noreferrer noopener\" aria-label=\"Glen Sean Coulthard dans PEAU ROUGE, MASQUES BLANCS. (s\u2019ouvre dans un nouvel onglet)\" href=\"http:\/\/www.philo-cvm.ca\/?page_id=1030\" target=\"_blank\">PEAU ROUGE, MASQUES BLANCS<\/a> de Glen Sean Coulthard.<\/li>\n<\/ul>\n\n\n\n<p>D&rsquo;autres articles pertinents concernant : <\/p>\n\n\n\n<ul class=\"wp-block-list\">\n<li>Les usages de la terre : <a rel=\"noreferrer noopener\" href=\"https:\/\/www.college-de-france.fr\/media\/philippe-descola\/UPL2280658184144749414_39_Descola_481_498.pdf\" target=\"_blank\">https:\/\/www.college-de-france.fr\/media\/philippe-descola\/UPL2280658184144749414_39_Descola_481_498.pdf<\/a><\/li>\n<\/ul>\n\n\n\n<ul class=\"wp-block-list\">\n<li>La figure de l&rsquo;indien vivant :  <a rel=\"noreferrer noopener\" href=\"https:\/\/ici.tou.tv\/porteurs-de-plumes\" target=\"_blank\">https:\/\/ici.tou.tv\/porteurs-de-plumes<\/a><\/li>\n<\/ul>\n\n\n\n<p>Une \u00e9mission de radio : <\/p>\n\n\n\n<ul class=\"wp-block-list\">\n<li> La chaine musicale d&rsquo;Elisapie : <a href=\"https:\/\/www.icimusique.ca\/articles\/21468\/la-chaine-musicale-elisapie-serie-emission\" target=\"_blank\" rel=\"noreferrer noopener\" aria-label=\"https:\/\/www.icimusique.ca\/articles\/21468\/la-chaine-musicale-elisapie-serie-emission  (s\u2019ouvre dans un nouvel onglet)\">https:\/\/www.icimusique.ca\/articles\/21468\/la-chaine-musicale-elisapie-serie-emission <\/a><\/li>\n<\/ul>\n\n\n\n<p>D&rsquo;autres ressources en ligne : <\/p>\n\n\n\n<ul class=\"wp-block-list\">\n<li>Vous trouverez le site de la Commission d\u2019enqu\u00eate sur les relations entre les autochtones et certains services publics \u00e0 l\u2019adresse suivante :&nbsp;<a href=\"https:\/\/www.cerp.gouv.qc.ca\/index.php?id=2\">https:\/\/www.cerp.gouv.qc.ca\/index.php?id=2<\/a><\/li>\n<\/ul>\n\n\n\n<ul class=\"wp-block-list\">\n<li>Le rapport de la Commission d\u2019enqu\u00eate :&nbsp;<a href=\"https:\/\/www.cerp.gouv.qc.ca\/fileadmin\/Fichiers_clients\/Rapport\/Rapport_final.pdf\">https:\/\/www.cerp.gouv.qc.ca\/fileadmin\/Fichiers_clients\/Rapport\/Rapport_final.pdf<\/a><\/li>\n<\/ul>\n\n\n\n<ul class=\"wp-block-list\">\n<li>Mythes et r\u00e9alit\u00e9 sur les peuples autochtones :&nbsp;<a href=\"http:\/\/www.cdpdj.qc.ca\/Publications\/Mythes-Realites.pdf\">http:\/\/www.cdpdj.qc.ca\/Publications\/Mythes-Realites.pdf<\/a><\/li>\n<\/ul>\n\n\n\n<ul class=\"wp-block-list\">\n<li>Un visage, un nom :&nbsp;<a href=\"https:\/\/www.bac-lac.gc.ca\/fra\/decouvrez\/patrimoine-autochtone\/visage-nom\/Pages\/introduction.aspx\">https:\/\/www.bac-lac.gc.ca\/fra\/decouvrez\/patrimoine-autochtone\/visage-nom\/Pages\/introduction.aspx<\/a><\/li>\n<\/ul>\n\n\n\n<ul class=\"wp-block-list\">\n<li>Il y a aussi le Centre national pour la v\u00e9rit\u00e9 et la r\u00e9conciliation :&nbsp;<a href=\"http:\/\/nctr.ca\/fr\/map.php\">http:\/\/nctr.ca\/fr\/map.php<\/a><\/li>\n<\/ul>\n\n\n\n<ul class=\"wp-block-list\">\n<li>Remerciements de Florent Vollant \u00e0 l\u2019ADISQ :&nbsp;<a href=\"https:\/\/ici.radio-canada.ca\/tele\/gala-adisq\/2019\/videos\">https:\/\/ici.radio-canada.ca\/tele\/gala-adisq\/2019\/videos<\/a><\/li>\n\n\n\n<li>Manifeste des Premiers Peuples: <a href=\"http:\/\/www.philo-cvm.ca\/?attachment_id=2456\">http:\/\/www.philo-cvm.ca\/?attachment_id=2456<\/a><\/li>\n<\/ul>\n\n\n\n<p>Un entretien avec Glen Sean Coulthard : <a href=\"https:\/\/www.nccie.ca\/videos\/land-based-education-in-denendeh-interview-with-dr-glen-coulthard\/\" target=\"_blank\" rel=\"noreferrer noopener\">https:\/\/www.nccie.ca\/videos\/land-based-education-in-denendeh-interview-with-dr-glen-coulthard\/<\/a><\/p>\n","protected":false},"excerpt":{"rendered":"<p>Si vous \u00eates int\u00e9ress\u00e9s \u00e0 poursuivre la r\u00e9flexion \u00e0 l&rsquo;aide d&rsquo;une approche marxiste, il faut lire : D&rsquo;autres articles pertinents concernant : Une \u00e9mission de &#8230;<\/p>\n","protected":false},"author":1,"featured_media":1048,"parent":0,"menu_order":0,"comment_status":"closed","ping_status":"closed","template":"","meta":{"footnotes":""},"class_list":["post-1457","page","type-page","status-publish","has-post-thumbnail","hentry"],"_links":{"self":[{"href":"http:\/\/www.ethique-rlaroche.philo-cvm.ca\/index.php?rest_route=\/wp\/v2\/pages\/1457","targetHints":{"allow":["GET"]}}],"collection":[{"href":"http:\/\/www.ethique-rlaroche.philo-cvm.ca\/index.php?rest_route=\/wp\/v2\/pages"}],"about":[{"href":"http:\/\/www.ethique-rlaroche.philo-cvm.ca\/index.php?rest_route=\/wp\/v2\/types\/page"}],"author":[{"embeddable":true,"href":"http:\/\/www.ethique-rlaroche.philo-cvm.ca\/index.php?rest_route=\/wp\/v2\/users\/1"}],"replies":[{"embeddable":true,"href":"http:\/\/www.ethique-rlaroche.philo-cvm.ca\/index.php?rest_route=%2Fwp%2Fv2%2Fcomments&post=1457"}],"version-history":[{"count":8,"href":"http:\/\/www.ethique-rlaroche.philo-cvm.ca\/index.php?rest_route=\/wp\/v2\/pages\/1457\/revisions"}],"predecessor-version":[{"id":31734,"href":"http:\/\/www.ethique-rlaroche.philo-cvm.ca\/index.php?rest_route=\/wp\/v2\/pages\/1457\/revisions\/31734"}],"wp:featuredmedia":[{"embeddable":true,"href":"http:\/\/www.ethique-rlaroche.philo-cvm.ca\/index.php?rest_route=\/wp\/v2\/media\/1048"}],"wp:attachment":[{"href":"http:\/\/www.ethique-rlaroche.philo-cvm.ca\/index.php?rest_route=%2Fwp%2Fv2%2Fmedia&parent=1457"}],"curies":[{"name":"wp","href":"https:\/\/api.w.org\/{rel}","templated":true}]}}