{"id":1440,"date":"2020-01-25T15:39:23","date_gmt":"2020-01-25T15:39:23","guid":{"rendered":"https:\/\/ethique-rlaroche.profweb.ca\/?page_id=1440"},"modified":"2023-08-29T22:55:22","modified_gmt":"2023-08-29T22:55:22","slug":"hip-hop-mediagraphie","status":"publish","type":"page","link":"http:\/\/www.ethique-rlaroche.philo-cvm.ca\/?page_id=1440","title":{"rendered":"HIP HOP &#8211; M\u00e9diagraphie"},"content":{"rendered":"\n<p>Les hyperliens suivants vous m\u00e8neront vers :<\/p>\n\n\n\n<ul class=\"wp-block-list\">\n<li>Une carte mentale du Hip Hop :  <a rel=\"noreferrer noopener\" href=\"http:\/\/www.philo-cvm.ca\/wp-content\/uploads\/2019\/09\/Carte-mentale-Hip-Hop.pdf\" target=\"_blank\">De la Zulu Nation au Gangsta Rap en passant par Missy Elliot<\/a>. <\/li>\n<\/ul>\n\n\n\n<ul class=\"wp-block-list\">\n<li><a rel=\"noreferrer noopener\" aria-label=\"Quelques documents d'archives qui seront comment\u00e9s et visionn\u00e9s en classe - Cours 8. (s\u2019ouvre dans un nouvel onglet)\" href=\"http:\/\/www.philo-cvm.ca\/?page_id=652\" target=\"_blank\">Quelques documents d&rsquo;archives qui seront comment\u00e9s et visionn\u00e9s en classe &#8211; Cours 7 et 8.<\/a><\/li>\n<\/ul>\n\n\n\n<ul class=\"wp-block-list\">\n<li><a rel=\"noreferrer noopener\" aria-label=\"Un jeu de concepts ayant pour fonction de r\u00e9viser et repenser la tension entre LIB\u00c9RALISME et COMMUNAUTARISME. (s\u2019ouvre dans un nouvel onglet)\" href=\"http:\/\/www.philo-cvm.ca\/?page_id=726\" target=\"_blank\">Un jeu de concepts ayant pour fonction de r\u00e9viser et repenser la tension entre LIB\u00c9RALISME et COMMUNAUTARISME.<\/a><\/li>\n<\/ul>\n\n\n\n<p>Des articles : <\/p>\n\n\n\n<ul class=\"wp-block-list\">\n<li>Wackie&rsquo;s recording studio and label : <a rel=\"noreferrer noopener\" href=\"https:\/\/www.nytimes.com\/2020\/01\/05\/arts\/music\/wackies-reggae-lloyd-barnes.html\" target=\"_blank\">https:\/\/www.nytimes.com\/2020\/01\/05\/arts\/music\/wackies-reggae-lloyd-barnes.html<\/a><\/li>\n<\/ul>\n\n\n\n<ul class=\"wp-block-list\">\n<li>Le vocabulaire du Hip Hop : <a rel=\"noreferrer noopener\" href=\"https:\/\/pudding.cool\/projects\/vocabulary\/\" target=\"_blank\">https:\/\/pudding.cool\/projects\/vocabulary\/<\/a><\/li>\n<\/ul>\n\n\n\n<p>Le texte canonique de Henry David Thor<a rel=\"noreferrer noopener\" aria-label=\"eau (s\u2019ouvre dans un nouvel onglet)\" href=\"http:\/\/www.philo-cvm.ca\/wp-content\/uploads\/2020\/02\/Thoreau.pdf\" target=\"_blank\">eau<\/a> sur la d\u00e9sob\u00e9issance civile et <a href=\"http:\/\/www.philo-cvm.ca\/wp-content\/uploads\/2020\/02\/Thoreau.pdf\">l&rsquo;objection de conscience<\/a>.<\/p>\n\n\n\n<p>GRANDMASTER FLASH 50 ans apr\u00e8s.<\/p>\n\n\n\n<figure class=\"wp-block-embed is-type-video is-provider-youtube wp-block-embed-youtube wp-embed-aspect-16-9 wp-has-aspect-ratio\"><div class=\"wp-block-embed__wrapper\">\n<iframe loading=\"lazy\" title=\"Grandmaster Flash 50 Year of Hip Hop - Full Performance\" width=\"525\" height=\"295\" src=\"https:\/\/www.youtube.com\/embed\/G97zKUi_060?feature=oembed\" frameborder=\"0\" allow=\"accelerometer; autoplay; clipboard-write; encrypted-media; gyroscope; picture-in-picture; web-share\" referrerpolicy=\"strict-origin-when-cross-origin\" allowfullscreen><\/iframe>\n<\/div><\/figure>\n","protected":false},"excerpt":{"rendered":"<p>Les hyperliens suivants vous m\u00e8neront vers : Des articles : Le texte canonique de Henry David Thoreau sur la d\u00e9sob\u00e9issance civile et l&rsquo;objection de conscience. &#8230;<\/p>\n","protected":false},"author":1,"featured_media":896,"parent":0,"menu_order":0,"comment_status":"closed","ping_status":"closed","template":"","meta":{"footnotes":""},"class_list":["post-1440","page","type-page","status-publish","has-post-thumbnail","hentry"],"_links":{"self":[{"href":"http:\/\/www.ethique-rlaroche.philo-cvm.ca\/index.php?rest_route=\/wp\/v2\/pages\/1440","targetHints":{"allow":["GET"]}}],"collection":[{"href":"http:\/\/www.ethique-rlaroche.philo-cvm.ca\/index.php?rest_route=\/wp\/v2\/pages"}],"about":[{"href":"http:\/\/www.ethique-rlaroche.philo-cvm.ca\/index.php?rest_route=\/wp\/v2\/types\/page"}],"author":[{"embeddable":true,"href":"http:\/\/www.ethique-rlaroche.philo-cvm.ca\/index.php?rest_route=\/wp\/v2\/users\/1"}],"replies":[{"embeddable":true,"href":"http:\/\/www.ethique-rlaroche.philo-cvm.ca\/index.php?rest_route=%2Fwp%2Fv2%2Fcomments&post=1440"}],"version-history":[{"count":10,"href":"http:\/\/www.ethique-rlaroche.philo-cvm.ca\/index.php?rest_route=\/wp\/v2\/pages\/1440\/revisions"}],"predecessor-version":[{"id":28786,"href":"http:\/\/www.ethique-rlaroche.philo-cvm.ca\/index.php?rest_route=\/wp\/v2\/pages\/1440\/revisions\/28786"}],"wp:featuredmedia":[{"embeddable":true,"href":"http:\/\/www.ethique-rlaroche.philo-cvm.ca\/index.php?rest_route=\/wp\/v2\/media\/896"}],"wp:attachment":[{"href":"http:\/\/www.ethique-rlaroche.philo-cvm.ca\/index.php?rest_route=%2Fwp%2Fv2%2Fmedia&parent=1440"}],"curies":[{"name":"wp","href":"https:\/\/api.w.org\/{rel}","templated":true}]}}