{"id":1431,"date":"2020-01-25T15:19:05","date_gmt":"2020-01-25T15:19:05","guid":{"rendered":"https:\/\/ethique-rlaroche.profweb.ca\/?page_id=1431"},"modified":"2020-02-15T16:44:17","modified_gmt":"2020-02-15T16:44:17","slug":"sorcieres-mediagraphie","status":"publish","type":"page","link":"http:\/\/www.ethique-rlaroche.philo-cvm.ca\/?page_id=1431","title":{"rendered":"Sorci\u00e8res &#8211; M\u00e9diagraphie"},"content":{"rendered":"\n<p>Tir\u00e9 du Hors-s\u00e9rie \u00e9dit\u00e9 par la revue <em>Le Point &#8211; R\u00e9f\u00e9rences<\/em> vous trouverez :<\/p>\n\n\n\n<ul class=\"wp-block-list\"><li><a href=\"http:\/\/www.philo-cvm.ca\/wp-content\/uploads\/2020\/01\/Chrono_et_lexique_-1-1.pdf\" target=\"_blank\" rel=\"noreferrer noopener\" aria-label=\"La chronologie du monde des sorci\u00e8res, du moyen \u00c2ge \u00e0 aujourd'hui ainsi qu'un lexique. (s\u2019ouvre dans un nouvel onglet)\">La chronologie du monde des sorci\u00e8res, du moyen \u00c2ge \u00e0 aujourd&rsquo;hui ainsi qu&rsquo;un lexique.<\/a><\/li><\/ul>\n\n\n\n<ul class=\"wp-block-list\"><li><a href=\"http:\/\/www.philo-cvm.ca\/wp-content\/uploads\/2020\/01\/Magie_dans_lAntiquite-1.pdf\" target=\"_blank\" rel=\"noreferrer noopener\" aria-label=\"Une s\u00e9rie de textes sous le titre Le temps des magiciennes permettant de mieux comprendre les figures mythologiques de M\u00e9d\u00e9e et Circ\u00e9. (s\u2019ouvre dans un nouvel onglet)\">Une s\u00e9rie de textes sous le titre Le temps des magiciennes permettant de mieux comprendre les figures mythologiques de M\u00e9d\u00e9e et Circ\u00e9.<\/a><\/li><\/ul>\n\n\n\n<p>Quelques liens menant vers des articles susceptibles de nourrir la r\u00e9flexion commune :<\/p>\n\n\n\n<ul class=\"wp-block-list\"><li>Alexia B\u00fcrger : <a rel=\"noreferrer noopener\" href=\"https:\/\/www.ledevoir.com\/culture\/theatre\/524587\/entrevue-thomas-harding-et-ses-doubles\" target=\"_blank\">https:\/\/www.ledevoir.com\/culture\/theatre\/524587\/entrevue-thomas-harding-et-ses-doubles<\/a><\/li><\/ul>\n\n\n\n<ul class=\"wp-block-list\"><li>Eva Illouz : <a rel=\"noreferrer noopener\" href=\"https:\/\/www.nonfiction.fr\/article-10152-le-marche-des-emotions-dans-la-societe-capitaliste.htm\" target=\"_blank\">https:\/\/www.nonfiction.fr\/article-10152-le-marche-des-emotions-dans-la-societe-capitaliste.htm<\/a><\/li><\/ul>\n\n\n\n<ul class=\"wp-block-list\"><li>Les sorci\u00e8res : <a rel=\"noreferrer noopener\" href=\"https:\/\/www.en-attendant-nadeau.fr\/2020\/01\/02\/sorciere-juges-porret\/\" target=\"_blank\">https:\/\/www.en-attendant-nadeau.fr\/2020\/01\/02\/sorciere-juges-porret\/<\/a><\/li><li><a href=\"https:\/\/ici.radio-canada.ca\/premiere\/emissions\/recit\/segments\/entrevue\/124234\/sorcieres-inquisition-deesse-mere-chasse-bucher-salem\">Les sorci\u00e8res<\/a> par Serge Bouchard<\/li><li><a href=\"https:\/\/www.paroles.net\/anne-sylvestre\/paroles-une-sorciere-comme-les-autres\">Texte<\/a> d&rsquo;Anne Sylvestre \u00abUne sorci\u00e8re comme les autres\u00bb<\/li><\/ul>\n\n\n\n<p>Un extrait de texte de Ludwig Wittgenstein tir\u00e9 du livre intitul\u00e9 : <a rel=\"noreferrer noopener\" aria-label=\"De la certitude (s\u2019ouvre dans un nouvel onglet)\" href=\"http:\/\/www.philo-cvm.ca\/wp-content\/uploads\/2020\/02\/De_la_certitude.pdf\" target=\"_blank\">De la certitude<\/a>.<\/p>\n\n\n\n<p>Cette sch\u00e9matisation de <em><a href=\"http:\/\/www.philo-cvm.ca\/wp-content\/uploads\/2020\/02\/Marx-1.pdf\" target=\"_blank\" rel=\"noreferrer noopener\" aria-label=\"La lecture du r\u00e9el (s\u2019ouvre dans un nouvel onglet)\">La lecture du r\u00e9el<\/a> <\/em>suivant la conception philosophique de Karl Marx pourra nous \u00eatre utile au moment de lire Silvia Federici. <\/p>\n","protected":false},"excerpt":{"rendered":"<p>Tir\u00e9 du Hors-s\u00e9rie \u00e9dit\u00e9 par la revue Le Point &#8211; R\u00e9f\u00e9rences vous trouverez : La chronologie du monde des sorci\u00e8res, du moyen \u00c2ge \u00e0 aujourd&rsquo;hui &#8230;<\/p>\n","protected":false},"author":1,"featured_media":140,"parent":0,"menu_order":0,"comment_status":"closed","ping_status":"closed","template":"","meta":{"footnotes":""},"class_list":["post-1431","page","type-page","status-publish","has-post-thumbnail","hentry"],"_links":{"self":[{"href":"http:\/\/www.ethique-rlaroche.philo-cvm.ca\/index.php?rest_route=\/wp\/v2\/pages\/1431","targetHints":{"allow":["GET"]}}],"collection":[{"href":"http:\/\/www.ethique-rlaroche.philo-cvm.ca\/index.php?rest_route=\/wp\/v2\/pages"}],"about":[{"href":"http:\/\/www.ethique-rlaroche.philo-cvm.ca\/index.php?rest_route=\/wp\/v2\/types\/page"}],"author":[{"embeddable":true,"href":"http:\/\/www.ethique-rlaroche.philo-cvm.ca\/index.php?rest_route=\/wp\/v2\/users\/1"}],"replies":[{"embeddable":true,"href":"http:\/\/www.ethique-rlaroche.philo-cvm.ca\/index.php?rest_route=%2Fwp%2Fv2%2Fcomments&post=1431"}],"version-history":[{"count":9,"href":"http:\/\/www.ethique-rlaroche.philo-cvm.ca\/index.php?rest_route=\/wp\/v2\/pages\/1431\/revisions"}],"predecessor-version":[{"id":2111,"href":"http:\/\/www.ethique-rlaroche.philo-cvm.ca\/index.php?rest_route=\/wp\/v2\/pages\/1431\/revisions\/2111"}],"wp:featuredmedia":[{"embeddable":true,"href":"http:\/\/www.ethique-rlaroche.philo-cvm.ca\/index.php?rest_route=\/wp\/v2\/media\/140"}],"wp:attachment":[{"href":"http:\/\/www.ethique-rlaroche.philo-cvm.ca\/index.php?rest_route=%2Fwp%2Fv2%2Fmedia&parent=1431"}],"curies":[{"name":"wp","href":"https:\/\/api.w.org\/{rel}","templated":true}]}}