{"id":1367,"date":"2020-01-17T23:51:37","date_gmt":"2020-01-17T23:51:37","guid":{"rendered":"https:\/\/ethique-rlaroche.profweb.ca\/?page_id=1367"},"modified":"2020-01-17T23:52:12","modified_gmt":"2020-01-17T23:52:12","slug":"conclure-ou-pas","status":"publish","type":"page","link":"http:\/\/www.ethique-rlaroche.philo-cvm.ca\/?page_id=1367","title":{"rendered":"Conclure ou pas ?"},"content":{"rendered":"\n<p>Que signifie conclure une r\u00e9flexion? Les questions et les probl\u00e9matiques qui nous occupent sont telles qu&rsquo;il est \u00e9vident que nous ne pouvons pas d\u00e9terminer l&rsquo;issue sociale de ce qu&rsquo;elles ont comme cons\u00e9quences. <\/p>\n\n\n\n<p>Donc conclure consiste \u00e0 relancer la r\u00e9flexion&#8230; C&rsquo;est plus philosophique. <\/p>\n\n\n<p><!--EndFragment--><br \/><br \/><\/p>","protected":false},"excerpt":{"rendered":"<p>Que signifie conclure une r\u00e9flexion? Les questions et les probl\u00e9matiques qui nous occupent sont telles qu&rsquo;il est \u00e9vident que nous ne pouvons pas d\u00e9terminer l&rsquo;issue &#8230;<\/p>\n","protected":false},"author":1,"featured_media":1123,"parent":0,"menu_order":0,"comment_status":"closed","ping_status":"closed","template":"","meta":{"footnotes":""},"class_list":["post-1367","page","type-page","status-publish","has-post-thumbnail","hentry"],"_links":{"self":[{"href":"http:\/\/www.ethique-rlaroche.philo-cvm.ca\/index.php?rest_route=\/wp\/v2\/pages\/1367","targetHints":{"allow":["GET"]}}],"collection":[{"href":"http:\/\/www.ethique-rlaroche.philo-cvm.ca\/index.php?rest_route=\/wp\/v2\/pages"}],"about":[{"href":"http:\/\/www.ethique-rlaroche.philo-cvm.ca\/index.php?rest_route=\/wp\/v2\/types\/page"}],"author":[{"embeddable":true,"href":"http:\/\/www.ethique-rlaroche.philo-cvm.ca\/index.php?rest_route=\/wp\/v2\/users\/1"}],"replies":[{"embeddable":true,"href":"http:\/\/www.ethique-rlaroche.philo-cvm.ca\/index.php?rest_route=%2Fwp%2Fv2%2Fcomments&post=1367"}],"version-history":[{"count":2,"href":"http:\/\/www.ethique-rlaroche.philo-cvm.ca\/index.php?rest_route=\/wp\/v2\/pages\/1367\/revisions"}],"predecessor-version":[{"id":1369,"href":"http:\/\/www.ethique-rlaroche.philo-cvm.ca\/index.php?rest_route=\/wp\/v2\/pages\/1367\/revisions\/1369"}],"wp:featuredmedia":[{"embeddable":true,"href":"http:\/\/www.ethique-rlaroche.philo-cvm.ca\/index.php?rest_route=\/wp\/v2\/media\/1123"}],"wp:attachment":[{"href":"http:\/\/www.ethique-rlaroche.philo-cvm.ca\/index.php?rest_route=%2Fwp%2Fv2%2Fmedia&parent=1367"}],"curies":[{"name":"wp","href":"https:\/\/api.w.org\/{rel}","templated":true}]}}