{"id":1252,"date":"2020-01-13T20:47:16","date_gmt":"2020-01-13T20:47:16","guid":{"rendered":"https:\/\/ethique-rlaroche.profweb.ca\/?page_id=1252"},"modified":"2020-01-17T22:25:55","modified_gmt":"2020-01-17T22:25:55","slug":"sentiments-et-impressions","status":"publish","type":"page","link":"http:\/\/www.ethique-rlaroche.philo-cvm.ca\/?page_id=1252","title":{"rendered":"Sentiments et impressions"},"content":{"rendered":"\n<p>Nous ne pouvons pas faire l&rsquo;\u00e9conomie de l&rsquo;univers des opinions. En ce sens il nous faut les regarder, les observer, les ressentir et les comprendre pour mieux \u00e9viter les pi\u00e8ges qu&rsquo;elles rec\u00e8lent socialement.  La remarque vaut pour les opinions des autres mais aussi pour celles qui forment mon propre imaginaire ainsi que ma propre vie intellectuelle. <\/p>\n\n\n\n<p>Les id\u00e9es ne sont pas \u00e9trang\u00e8res aux sentiments que nous \u00e9prouvons ainsi qu&rsquo;aux impressions formant les traces de tout ce qui nous affecte.  Les opinions sont ces id\u00e9es qui nous marquent et qui en prenant de plus en plus de place dans notre esprit finissent par nuire au d\u00e9sir d&rsquo;abandonner nos certitudes. <\/p>\n","protected":false},"excerpt":{"rendered":"<p>Nous ne pouvons pas faire l&rsquo;\u00e9conomie de l&rsquo;univers des opinions. En ce sens il nous faut les regarder, les observer, les ressentir et les comprendre &#8230;<\/p>\n","protected":false},"author":1,"featured_media":1123,"parent":0,"menu_order":0,"comment_status":"closed","ping_status":"closed","template":"","meta":{"footnotes":""},"class_list":["post-1252","page","type-page","status-publish","has-post-thumbnail","hentry"],"_links":{"self":[{"href":"http:\/\/www.ethique-rlaroche.philo-cvm.ca\/index.php?rest_route=\/wp\/v2\/pages\/1252","targetHints":{"allow":["GET"]}}],"collection":[{"href":"http:\/\/www.ethique-rlaroche.philo-cvm.ca\/index.php?rest_route=\/wp\/v2\/pages"}],"about":[{"href":"http:\/\/www.ethique-rlaroche.philo-cvm.ca\/index.php?rest_route=\/wp\/v2\/types\/page"}],"author":[{"embeddable":true,"href":"http:\/\/www.ethique-rlaroche.philo-cvm.ca\/index.php?rest_route=\/wp\/v2\/users\/1"}],"replies":[{"embeddable":true,"href":"http:\/\/www.ethique-rlaroche.philo-cvm.ca\/index.php?rest_route=%2Fwp%2Fv2%2Fcomments&post=1252"}],"version-history":[{"count":3,"href":"http:\/\/www.ethique-rlaroche.philo-cvm.ca\/index.php?rest_route=\/wp\/v2\/pages\/1252\/revisions"}],"predecessor-version":[{"id":1344,"href":"http:\/\/www.ethique-rlaroche.philo-cvm.ca\/index.php?rest_route=\/wp\/v2\/pages\/1252\/revisions\/1344"}],"wp:featuredmedia":[{"embeddable":true,"href":"http:\/\/www.ethique-rlaroche.philo-cvm.ca\/index.php?rest_route=\/wp\/v2\/media\/1123"}],"wp:attachment":[{"href":"http:\/\/www.ethique-rlaroche.philo-cvm.ca\/index.php?rest_route=%2Fwp%2Fv2%2Fmedia&parent=1252"}],"curies":[{"name":"wp","href":"https:\/\/api.w.org\/{rel}","templated":true}]}}