{"id":1231,"date":"2020-01-13T16:34:06","date_gmt":"2020-01-13T16:34:06","guid":{"rendered":"https:\/\/ethique-rlaroche.profweb.ca\/?page_id=1231"},"modified":"2024-01-23T13:48:30","modified_gmt":"2024-01-23T13:48:30","slug":"la-grille-devaluation","status":"publish","type":"page","link":"http:\/\/www.ethique-rlaroche.philo-cvm.ca\/?page_id=1231","title":{"rendered":"\u00c9valuation et commentaires"},"content":{"rendered":"\n<figure class=\"wp-block-table alignwide is-style-stripes\"><table class=\"has-background\" style=\"background-color:#e7f5fe\"><thead><tr><th class=\"has-text-align-center\" data-align=\"center\"><strong>Objet d&rsquo;apprentissage<\/strong><\/th><th class=\"has-text-align-center\" data-align=\"center\"><strong>Crit\u00e8res d&rsquo;\u00e9valuation<\/strong><\/th><th class=\"has-text-align-center\" data-align=\"center\"><strong>Commentaires<\/strong><\/th><th class=\"has-text-align-center\" data-align=\"center\"><strong>Notation<\/strong><\/th><\/tr><\/thead><tbody><tr><td class=\"has-text-align-center\" data-align=\"center\"><strong>PR\u00c9PARATION DE L&rsquo;ENQU\u00caTE<\/strong><\/td><td class=\"has-text-align-center\" data-align=\"center\"><\/td><td class=\"has-text-align-center\" data-align=\"center\">Chacune de vos 3 r\u00e9dactions devra \u00eatre soutenue et pr\u00e9par\u00e9e gr\u00e2ce \u00e0 une enqu\u00eate dont vous devrez laisser des traces sur le site. Prenant la forme d&rsquo;un article, ce dossier pourra comprendre le texte de la r\u00e9daction si vous d\u00e9sirez la publier. <\/td><td class=\"has-text-align-center\" data-align=\"center\"><strong>\/ 15<\/strong><\/td><\/tr><tr><td class=\"has-text-align-center\" data-align=\"center\">R\u00e9f\u00e9rence aux le\u00e7ons<\/td><td class=\"has-text-align-center\" data-align=\"center\">Constance<\/td><td class=\"has-text-align-center\" data-align=\"center\">La pr\u00e9paration de l&rsquo;enqu\u00eate doit montrer que vous aurez chaque semaine particip\u00e9 au cours, pris  le temps de lire les textes et compl\u00e9t\u00e9s les le\u00e7ons. <\/td><td class=\"has-text-align-center\" data-align=\"center\">\/ 5<\/td><\/tr><tr><td class=\"has-text-align-center\" data-align=\"center\">M\u00e9diagraphie<\/td><td class=\"has-text-align-center\" data-align=\"center\">Originalit\u00e9<\/td><td class=\"has-text-align-center\" data-align=\"center\">Le cours devrait vous amener \u00e0 jeter un regard personnel et nouveau sur l&rsquo;actualit\u00e9. Est-ce que votre enqu\u00eate montre que vous avez cherch\u00e9 de l&rsquo;information en dehors des sentiers battus?<\/td><td class=\"has-text-align-center\" data-align=\"center\">\/ 5<\/td><\/tr><tr><td class=\"has-text-align-center\" data-align=\"center\">Technique et esth\u00e9tique<\/td><td class=\"has-text-align-center\" data-align=\"center\">D\u00e9veloppement<\/td><td class=\"has-text-align-center\" data-align=\"center\">Est-ce que la pr\u00e9sentation de votre enqu\u00eate est personnalis\u00e9e quant \u00e0 l&rsquo;utilisation des ressources et des outils qu&rsquo;offre le site Internet?<\/td><td class=\"has-text-align-center\" data-align=\"center\">\/ 5<\/td><\/tr><tr><td class=\"has-text-align-center\" data-align=\"center\"><strong>R\u00c9DACTIONS<\/strong><br><\/td><td class=\"has-text-align-center\" data-align=\"center\"><\/td><td class=\"has-text-align-center\" data-align=\"center\">La premi\u00e8re r\u00e9daction portant sur le th\u00e8me des sorci\u00e8res compte pour 10 %, celle portant sur le Hip Hop pour 20 % alors que la r\u00e9daction finale, ayant pour th\u00e8me les cultures autochtones, repr\u00e9sente 25 % de la note finale. <\/td><td class=\"has-text-align-center\" data-align=\"center\"><strong>\/ 100<\/strong><\/td><\/tr><tr><td class=\"has-text-align-center\" data-align=\"center\">Structure formelle<\/td><td class=\"has-text-align-center\" data-align=\"center\">Pr\u00e9sence<\/td><td class=\"has-text-align-center\" data-align=\"center\">Est-ce que votre texte comprend une <em>probl\u00e9matique<\/em>, la description de votre <em>sentiment<\/em>, sa comparaison avec le <em>discours ambiant<\/em>, une analyse de la <em>fonction sociale<\/em> de votre sujet, les raisons de son <em>int\u00e9r\u00eat public<\/em>, l&rsquo;imagination de nouvelles <em>institutions<\/em>, une <em>conclusion<\/em>?<\/td><td class=\"has-text-align-center\" data-align=\"center\">\/ 10<\/td><\/tr><tr><td class=\"has-text-align-center\" data-align=\"center\">Organisation logique des id\u00e9es<br><em>\u00c9valuation de la capacit\u00e9 \u00e0 cr\u00e9er des liens logiques entre les id\u00e9es.<\/em><\/td><td class=\"has-text-align-center\" data-align=\"center\">Clart\u00e9<\/td><td class=\"has-text-align-center\" data-align=\"center\">Est-ce que vos phrases sont formul\u00e9es de mani\u00e8re \u00e0 bien expliquer ce que vous comprenez ? Je regarde la syntaxe, les expressions choisies, l\u2019usage des concepts abstraits et la formulation des id\u00e9es.<\/td><td class=\"has-text-align-center\" data-align=\"center\">\/ 20<\/td><\/tr><tr><td class=\"has-text-align-center\" data-align=\"center\"><\/td><td class=\"has-text-align-center\" data-align=\"center\">Coh\u00e9rence<\/td><td class=\"has-text-align-center\" data-align=\"center\">Est-ce que vos d\u00e9finitions, vos arguments et vos explications respectent les principes \u00e9l\u00e9mentaires de la logique ? Je regarde s\u2019il y a des contradictions, si vous passez efficacement des id\u00e9es g\u00e9n\u00e9rales aux id\u00e9es plus particuli\u00e8res d\u00e9terminant vos raisonnements et le fil conducteur de votre r\u00e9flexion.<\/td><td class=\"has-text-align-center\" data-align=\"center\">\/ 20<\/td><\/tr><tr><td class=\"has-text-align-center\" data-align=\"center\">D\u00e9veloppement de la r\u00e9flexion<br><em>\u00c9valuation de la capacit\u00e9 \u00e0 utiliser les contenus th\u00e9oriques \u00e9tudi\u00e9s.<\/em><\/td><td class=\"has-text-align-center\" data-align=\"center\">Pertinence<\/td><td class=\"has-text-align-center\" data-align=\"center\">Est-ce que vos explications et vos exemples d\u00e9veloppent les probl\u00e9matiques \u00e9tudi\u00e9es? Je regarde les liens avec la mati\u00e8re du cours, le sens des questions, leur d\u00e9veloppement et l\u2019analyse des enjeux.<\/td><td class=\"has-text-align-center\" data-align=\"center\">\/ 15<\/td><\/tr><tr><td class=\"has-text-align-center\" data-align=\"center\"><\/td><td class=\"has-text-align-center\" data-align=\"center\">Justesse<\/td><td class=\"has-text-align-center\" data-align=\"center\">Est-ce que vos r\u00e9f\u00e9rences aux th\u00e9ories et aux textes \u00e9tudi\u00e9s t\u00e9moignent d\u2019une bonne connaissance de leur contenu? Je regarde si vous comprenez bien les th\u00e9ories, les erreurs d\u2019interpr\u00e9tation, votre capacit\u00e9 \u00e0 nuancer et \u00e0 rendre compte des connaissances acquises.<\/td><td class=\"has-text-align-center\" data-align=\"center\">\/ 15<\/td><\/tr><tr><td class=\"has-text-align-center\" data-align=\"center\"><\/td><td class=\"has-text-align-center\" data-align=\"center\">Appropriation<\/td><td class=\"has-text-align-center\" data-align=\"center\">R\u00e9ussissez-vous \u00e0 d\u00e9velopper un point de vue t\u00e9moignant d\u2019un effort d\u2019observation et de r\u00e9flexion personnelle ? Je regarde le degr\u00e9 de votre appropriation de la r\u00e9flexion et ses limites. Je surveille l\u2019apport d\u2019observation, leur int\u00e9r\u00eat et leur caract\u00e8re original.<\/td><td class=\"has-text-align-center\" data-align=\"center\">\/ 20<\/td><\/tr><tr><td class=\"has-text-align-center\" data-align=\"center\">Fran\u00e7ais \u00e9crit<\/td><td class=\"has-text-align-center\" data-align=\"center\">Correction n\u00e9gative<\/td><td class=\"has-text-align-center\" data-align=\"center\">Les fautes sont essentiellement comptabilis\u00e9es en fonction des erreurs de syntaxe et d&rsquo;orthographe. <\/td><td class=\"has-text-align-center\" data-align=\"center\">&#8211; <\/td><\/tr><\/tbody><\/table><\/figure>\n\n\n\n<h3 class=\"wp-block-heading has-text-align-center has-background\" style=\"background-color:#b8bae2\">R\u00e9troactions<\/h3>\n\n\n\n<h4 class=\"wp-block-heading\">Sera privil\u00e9gi\u00e9e une approche qualitative dans le d\u00e9veloppement des commentaires qui accompagneront l&rsquo;\u00e9valuation de vos enqu\u00eates. Une approche orient\u00e9e essentiellement vers la discussion des id\u00e9es.<\/h4>\n","protected":false},"excerpt":{"rendered":"<p>Objet d&rsquo;apprentissage Crit\u00e8res d&rsquo;\u00e9valuation Commentaires Notation PR\u00c9PARATION DE L&rsquo;ENQU\u00caTE Chacune de vos 3 r\u00e9dactions devra \u00eatre soutenue et pr\u00e9par\u00e9e gr\u00e2ce \u00e0 une enqu\u00eate dont vous &#8230;<\/p>\n","protected":false},"author":1,"featured_media":7625,"parent":0,"menu_order":0,"comment_status":"closed","ping_status":"closed","template":"","meta":{"footnotes":""},"class_list":["post-1231","page","type-page","status-publish","has-post-thumbnail","hentry"],"_links":{"self":[{"href":"http:\/\/www.ethique-rlaroche.philo-cvm.ca\/index.php?rest_route=\/wp\/v2\/pages\/1231","targetHints":{"allow":["GET"]}}],"collection":[{"href":"http:\/\/www.ethique-rlaroche.philo-cvm.ca\/index.php?rest_route=\/wp\/v2\/pages"}],"about":[{"href":"http:\/\/www.ethique-rlaroche.philo-cvm.ca\/index.php?rest_route=\/wp\/v2\/types\/page"}],"author":[{"embeddable":true,"href":"http:\/\/www.ethique-rlaroche.philo-cvm.ca\/index.php?rest_route=\/wp\/v2\/users\/1"}],"replies":[{"embeddable":true,"href":"http:\/\/www.ethique-rlaroche.philo-cvm.ca\/index.php?rest_route=%2Fwp%2Fv2%2Fcomments&post=1231"}],"version-history":[{"count":47,"href":"http:\/\/www.ethique-rlaroche.philo-cvm.ca\/index.php?rest_route=\/wp\/v2\/pages\/1231\/revisions"}],"predecessor-version":[{"id":32543,"href":"http:\/\/www.ethique-rlaroche.philo-cvm.ca\/index.php?rest_route=\/wp\/v2\/pages\/1231\/revisions\/32543"}],"wp:featuredmedia":[{"embeddable":true,"href":"http:\/\/www.ethique-rlaroche.philo-cvm.ca\/index.php?rest_route=\/wp\/v2\/media\/7625"}],"wp:attachment":[{"href":"http:\/\/www.ethique-rlaroche.philo-cvm.ca\/index.php?rest_route=%2Fwp%2Fv2%2Fmedia&parent=1231"}],"curies":[{"name":"wp","href":"https:\/\/api.w.org\/{rel}","templated":true}]}}