{"id":1224,"date":"2020-01-13T16:16:48","date_gmt":"2020-01-13T16:16:48","guid":{"rendered":"https:\/\/ethique-rlaroche.profweb.ca\/?page_id=1224"},"modified":"2022-09-07T13:41:58","modified_gmt":"2022-09-07T13:41:58","slug":"consequences-des-idees-sur-celle-et-ceux-qui-les-pensent","status":"publish","type":"page","link":"http:\/\/www.ethique-rlaroche.philo-cvm.ca\/?page_id=1224","title":{"rendered":"Effets des id\u00e9es sur celles et ceux qui les pensent"},"content":{"rendered":"\n<p>Notre m\u00e9thode d&rsquo;enqu\u00eate admet et accorde de l&rsquo;importance \u00e0 la subjectivit\u00e9 pr\u00e9cis\u00e9ment parce que les id\u00e9es ont des effets sur celles et ceux qui les pensent.  Les id\u00e9es ne sont pas neutres m\u00eame lorsqu&rsquo;elles impliquent un haut niveau d&rsquo;abstraction. Effet sur soi donc mais aussi sur la sensibilit\u00e9 des autres. <\/p>\n\n\n\n<p><\/p>\n","protected":false},"excerpt":{"rendered":"<p>Notre m\u00e9thode d&rsquo;enqu\u00eate admet et accorde de l&rsquo;importance \u00e0 la subjectivit\u00e9 pr\u00e9cis\u00e9ment parce que les id\u00e9es ont des effets sur celles et ceux qui les &#8230;<\/p>\n","protected":false},"author":1,"featured_media":1164,"parent":0,"menu_order":0,"comment_status":"closed","ping_status":"closed","template":"","meta":{"footnotes":""},"class_list":["post-1224","page","type-page","status-publish","has-post-thumbnail","hentry"],"_links":{"self":[{"href":"http:\/\/www.ethique-rlaroche.philo-cvm.ca\/index.php?rest_route=\/wp\/v2\/pages\/1224","targetHints":{"allow":["GET"]}}],"collection":[{"href":"http:\/\/www.ethique-rlaroche.philo-cvm.ca\/index.php?rest_route=\/wp\/v2\/pages"}],"about":[{"href":"http:\/\/www.ethique-rlaroche.philo-cvm.ca\/index.php?rest_route=\/wp\/v2\/types\/page"}],"author":[{"embeddable":true,"href":"http:\/\/www.ethique-rlaroche.philo-cvm.ca\/index.php?rest_route=\/wp\/v2\/users\/1"}],"replies":[{"embeddable":true,"href":"http:\/\/www.ethique-rlaroche.philo-cvm.ca\/index.php?rest_route=%2Fwp%2Fv2%2Fcomments&post=1224"}],"version-history":[{"count":4,"href":"http:\/\/www.ethique-rlaroche.philo-cvm.ca\/index.php?rest_route=\/wp\/v2\/pages\/1224\/revisions"}],"predecessor-version":[{"id":26118,"href":"http:\/\/www.ethique-rlaroche.philo-cvm.ca\/index.php?rest_route=\/wp\/v2\/pages\/1224\/revisions\/26118"}],"wp:featuredmedia":[{"embeddable":true,"href":"http:\/\/www.ethique-rlaroche.philo-cvm.ca\/index.php?rest_route=\/wp\/v2\/media\/1164"}],"wp:attachment":[{"href":"http:\/\/www.ethique-rlaroche.philo-cvm.ca\/index.php?rest_route=%2Fwp%2Fv2%2Fmedia&parent=1224"}],"curies":[{"name":"wp","href":"https:\/\/api.w.org\/{rel}","templated":true}]}}