{"id":1205,"date":"2020-01-10T17:26:54","date_gmt":"2020-01-10T17:26:54","guid":{"rendered":"https:\/\/ethique-rlaroche.profweb.ca\/?page_id=1205"},"modified":"2020-01-17T22:46:08","modified_gmt":"2020-01-17T22:46:08","slug":"espace-public","status":"publish","type":"page","link":"http:\/\/www.ethique-rlaroche.philo-cvm.ca\/?page_id=1205","title":{"rendered":"Espace public"},"content":{"rendered":"\n<p>Il s&rsquo;agit de se demander quelles sont les diff\u00e9rences et les ressemblances entre mes sentiments ou mes opinions et ce qui s&rsquo;exprime dans mon milieu familial, scolaire ou civile; autrement dit dans la soci\u00e9t\u00e9 \u00e0 laquelle j&rsquo;appartiens. <\/p>\n\n\n\n<p>L&rsquo;espace public comprend des valeurs mais aussi des structures sociales impliquant une certaine conception du pouvoir, des institutions, des principes, des id\u00e9aux, des r\u00e8gles et des lois. <\/p>\n\n\n\n<p>Si vous d\u00e9sirez approfondir cette question, suivez l&rsquo;hyperlien menant au <a rel=\"noreferrer noopener\" aria-label=\"SCH\u00c9MA (s\u2019ouvre dans un nouvel onglet)\" href=\"http:\/\/www.philo-cvm.ca\/wp-content\/uploads\/2020\/01\/espace_public-1.pdf\" target=\"_blank\">SCH\u00c9MA<\/a> suivant car dans le contexte de nos enqu\u00eates notre regard doit \u00eatre \u00e0 la fois critique et \u00e9clair\u00e9.<\/p>\n","protected":false},"excerpt":{"rendered":"<p>Il s&rsquo;agit de se demander quelles sont les diff\u00e9rences et les ressemblances entre mes sentiments ou mes opinions et ce qui s&rsquo;exprime dans mon milieu &#8230;<\/p>\n","protected":false},"author":1,"featured_media":1134,"parent":0,"menu_order":0,"comment_status":"closed","ping_status":"closed","template":"","meta":{"footnotes":""},"class_list":["post-1205","page","type-page","status-publish","has-post-thumbnail","hentry"],"_links":{"self":[{"href":"http:\/\/www.ethique-rlaroche.philo-cvm.ca\/index.php?rest_route=\/wp\/v2\/pages\/1205","targetHints":{"allow":["GET"]}}],"collection":[{"href":"http:\/\/www.ethique-rlaroche.philo-cvm.ca\/index.php?rest_route=\/wp\/v2\/pages"}],"about":[{"href":"http:\/\/www.ethique-rlaroche.philo-cvm.ca\/index.php?rest_route=\/wp\/v2\/types\/page"}],"author":[{"embeddable":true,"href":"http:\/\/www.ethique-rlaroche.philo-cvm.ca\/index.php?rest_route=\/wp\/v2\/users\/1"}],"replies":[{"embeddable":true,"href":"http:\/\/www.ethique-rlaroche.philo-cvm.ca\/index.php?rest_route=%2Fwp%2Fv2%2Fcomments&post=1205"}],"version-history":[{"count":7,"href":"http:\/\/www.ethique-rlaroche.philo-cvm.ca\/index.php?rest_route=\/wp\/v2\/pages\/1205\/revisions"}],"predecessor-version":[{"id":1350,"href":"http:\/\/www.ethique-rlaroche.philo-cvm.ca\/index.php?rest_route=\/wp\/v2\/pages\/1205\/revisions\/1350"}],"wp:featuredmedia":[{"embeddable":true,"href":"http:\/\/www.ethique-rlaroche.philo-cvm.ca\/index.php?rest_route=\/wp\/v2\/media\/1134"}],"wp:attachment":[{"href":"http:\/\/www.ethique-rlaroche.philo-cvm.ca\/index.php?rest_route=%2Fwp%2Fv2%2Fmedia&parent=1205"}],"curies":[{"name":"wp","href":"https:\/\/api.w.org\/{rel}","templated":true}]}}