{"id":1201,"date":"2020-01-10T17:20:19","date_gmt":"2020-01-10T17:20:19","guid":{"rendered":"https:\/\/ethique-rlaroche.profweb.ca\/?page_id=1201"},"modified":"2020-01-10T17:20:19","modified_gmt":"2020-01-10T17:20:19","slug":"thematiques","status":"publish","type":"page","link":"http:\/\/www.ethique-rlaroche.philo-cvm.ca\/?page_id=1201","title":{"rendered":"Th\u00e9matiques"},"content":{"rendered":"\n<p>Chaque th\u00e9matique est extr\u00eamement vaste, il vous faut donc chercher \u00e0 cerner votre sujet mais aussi d\u00e9finir l&rsquo;angle \u00e0 partir duquel elle sera abord\u00e9e.  Vous ne pourrez pas tout dire dans le cadre d&rsquo;une seule r\u00e9daction, ni aborder l&rsquo;ensemble des concepts, th\u00e9ories ou textes \u00e9tudi\u00e9s. <\/p>\n\n\n\n<p>En ce sens vous devrez faire des choix. En choisissant vous vous appropriez la questionnement. <\/p>\n","protected":false},"excerpt":{"rendered":"<p>Chaque th\u00e9matique est extr\u00eamement vaste, il vous faut donc chercher \u00e0 cerner votre sujet mais aussi d\u00e9finir l&rsquo;angle \u00e0 partir duquel elle sera abord\u00e9e. Vous &#8230;<\/p>\n","protected":false},"author":1,"featured_media":1123,"parent":0,"menu_order":0,"comment_status":"closed","ping_status":"closed","template":"","meta":{"footnotes":""},"class_list":["post-1201","page","type-page","status-publish","has-post-thumbnail","hentry"],"_links":{"self":[{"href":"http:\/\/www.ethique-rlaroche.philo-cvm.ca\/index.php?rest_route=\/wp\/v2\/pages\/1201","targetHints":{"allow":["GET"]}}],"collection":[{"href":"http:\/\/www.ethique-rlaroche.philo-cvm.ca\/index.php?rest_route=\/wp\/v2\/pages"}],"about":[{"href":"http:\/\/www.ethique-rlaroche.philo-cvm.ca\/index.php?rest_route=\/wp\/v2\/types\/page"}],"author":[{"embeddable":true,"href":"http:\/\/www.ethique-rlaroche.philo-cvm.ca\/index.php?rest_route=\/wp\/v2\/users\/1"}],"replies":[{"embeddable":true,"href":"http:\/\/www.ethique-rlaroche.philo-cvm.ca\/index.php?rest_route=%2Fwp%2Fv2%2Fcomments&post=1201"}],"version-history":[{"count":1,"href":"http:\/\/www.ethique-rlaroche.philo-cvm.ca\/index.php?rest_route=\/wp\/v2\/pages\/1201\/revisions"}],"predecessor-version":[{"id":1202,"href":"http:\/\/www.ethique-rlaroche.philo-cvm.ca\/index.php?rest_route=\/wp\/v2\/pages\/1201\/revisions\/1202"}],"wp:featuredmedia":[{"embeddable":true,"href":"http:\/\/www.ethique-rlaroche.philo-cvm.ca\/index.php?rest_route=\/wp\/v2\/media\/1123"}],"wp:attachment":[{"href":"http:\/\/www.ethique-rlaroche.philo-cvm.ca\/index.php?rest_route=%2Fwp%2Fv2%2Fmedia&parent=1201"}],"curies":[{"name":"wp","href":"https:\/\/api.w.org\/{rel}","templated":true}]}}