{"id":1182,"date":"2020-01-10T11:06:31","date_gmt":"2020-01-10T11:06:31","guid":{"rendered":"https:\/\/ethique-rlaroche.profweb.ca\/?page_id=1182"},"modified":"2020-01-17T22:23:24","modified_gmt":"2020-01-17T22:23:24","slug":"developpement","status":"publish","type":"page","link":"http:\/\/www.ethique-rlaroche.philo-cvm.ca\/?page_id=1182","title":{"rendered":"D\u00e9veloppement"},"content":{"rendered":"\n<p>Vous ne r\u00e9fl\u00e9chissez pas seul. Vous pensez par vous-m\u00eames certes mais en vous appuyant sur ce que nous avons discut\u00e9s, lus, critiqu\u00e9s, imagin\u00e9s etc.<\/p>\n\n\n\n<p>Prenez soin de montrer que votre analyse s\u2019appuie sur les textes lus et comment\u00e9s ainsi que sur l\u2019exploration du site internet ou de la toile.  <\/p>\n\n\n\n<p>Les auteur.es que nous \u00e9tudions offrent la possibilit\u00e9 d&rsquo;approfondir nos analyses. Les th\u00e9ories, les explications, les hypoth\u00e8ses et les concepts qu&rsquo;ils utilisent permettent de voir et comprendre ce qui n&rsquo;appara\u00eet pas imm\u00e9diatement au premier regard. <\/p>\n","protected":false},"excerpt":{"rendered":"<p>Vous ne r\u00e9fl\u00e9chissez pas seul. Vous pensez par vous-m\u00eames certes mais en vous appuyant sur ce que nous avons discut\u00e9s, lus, critiqu\u00e9s, imagin\u00e9s etc. Prenez &#8230;<\/p>\n","protected":false},"author":1,"featured_media":1183,"parent":0,"menu_order":0,"comment_status":"closed","ping_status":"closed","template":"","meta":{"footnotes":""},"class_list":["post-1182","page","type-page","status-publish","has-post-thumbnail","hentry"],"_links":{"self":[{"href":"http:\/\/www.ethique-rlaroche.philo-cvm.ca\/index.php?rest_route=\/wp\/v2\/pages\/1182","targetHints":{"allow":["GET"]}}],"collection":[{"href":"http:\/\/www.ethique-rlaroche.philo-cvm.ca\/index.php?rest_route=\/wp\/v2\/pages"}],"about":[{"href":"http:\/\/www.ethique-rlaroche.philo-cvm.ca\/index.php?rest_route=\/wp\/v2\/types\/page"}],"author":[{"embeddable":true,"href":"http:\/\/www.ethique-rlaroche.philo-cvm.ca\/index.php?rest_route=\/wp\/v2\/users\/1"}],"replies":[{"embeddable":true,"href":"http:\/\/www.ethique-rlaroche.philo-cvm.ca\/index.php?rest_route=%2Fwp%2Fv2%2Fcomments&post=1182"}],"version-history":[{"count":4,"href":"http:\/\/www.ethique-rlaroche.philo-cvm.ca\/index.php?rest_route=\/wp\/v2\/pages\/1182\/revisions"}],"predecessor-version":[{"id":1343,"href":"http:\/\/www.ethique-rlaroche.philo-cvm.ca\/index.php?rest_route=\/wp\/v2\/pages\/1182\/revisions\/1343"}],"wp:featuredmedia":[{"embeddable":true,"href":"http:\/\/www.ethique-rlaroche.philo-cvm.ca\/index.php?rest_route=\/wp\/v2\/media\/1183"}],"wp:attachment":[{"href":"http:\/\/www.ethique-rlaroche.philo-cvm.ca\/index.php?rest_route=%2Fwp%2Fv2%2Fmedia&parent=1182"}],"curies":[{"name":"wp","href":"https:\/\/api.w.org\/{rel}","templated":true}]}}