{"id":1176,"date":"2020-01-10T10:50:55","date_gmt":"2020-01-10T10:50:55","guid":{"rendered":"https:\/\/ethique-rlaroche.profweb.ca\/?page_id=1176"},"modified":"2020-01-10T14:54:12","modified_gmt":"2020-01-10T14:54:12","slug":"commenter","status":"publish","type":"page","link":"http:\/\/www.ethique-rlaroche.philo-cvm.ca\/?page_id=1176","title":{"rendered":"Commenter"},"content":{"rendered":"\n<p>N\u2019h\u00e9sitez pas \u00e0 tenir compte des difficult\u00e9s que vous avez rencontr\u00e9es \u00e0 la lecture des textes pour d\u00e9velopper votre commentaire.  <\/p>\n\n\n\n<p>Commenter consiste \u00e0 se mettre \u00e0 distance de son sujet afin d&rsquo;en favoriser l&rsquo;<a href=\"http:\/\/www.philo-cvm.ca\/?page_id=1162\" target=\"_blank\" rel=\"noreferrer noopener\" aria-label=\"analyse (s\u2019ouvre dans un nouvel onglet)\">analyse<\/a>. <\/p>\n\n\n\n<p>Or cette prise de distance permet de voir plusieurs aspects concernant l&rsquo;\u00e9tat de votre compr\u00e9hension, celle plus imm\u00e9diate de ce que vous avez observ\u00e9 ou celle relative \u00e0 ce que les textes des auteur.es \u00e9tudi\u00e9.es vous ont fait r\u00e9fl\u00e9chir. <\/p>\n","protected":false},"excerpt":{"rendered":"<p>N\u2019h\u00e9sitez pas \u00e0 tenir compte des difficult\u00e9s que vous avez rencontr\u00e9es \u00e0 la lecture des textes pour d\u00e9velopper votre commentaire. Commenter consiste \u00e0 se mettre &#8230;<\/p>\n","protected":false},"author":1,"featured_media":1177,"parent":0,"menu_order":0,"comment_status":"closed","ping_status":"closed","template":"","meta":{"footnotes":""},"class_list":["post-1176","page","type-page","status-publish","has-post-thumbnail","hentry"],"_links":{"self":[{"href":"http:\/\/www.ethique-rlaroche.philo-cvm.ca\/index.php?rest_route=\/wp\/v2\/pages\/1176","targetHints":{"allow":["GET"]}}],"collection":[{"href":"http:\/\/www.ethique-rlaroche.philo-cvm.ca\/index.php?rest_route=\/wp\/v2\/pages"}],"about":[{"href":"http:\/\/www.ethique-rlaroche.philo-cvm.ca\/index.php?rest_route=\/wp\/v2\/types\/page"}],"author":[{"embeddable":true,"href":"http:\/\/www.ethique-rlaroche.philo-cvm.ca\/index.php?rest_route=\/wp\/v2\/users\/1"}],"replies":[{"embeddable":true,"href":"http:\/\/www.ethique-rlaroche.philo-cvm.ca\/index.php?rest_route=%2Fwp%2Fv2%2Fcomments&post=1176"}],"version-history":[{"count":3,"href":"http:\/\/www.ethique-rlaroche.philo-cvm.ca\/index.php?rest_route=\/wp\/v2\/pages\/1176\/revisions"}],"predecessor-version":[{"id":1195,"href":"http:\/\/www.ethique-rlaroche.philo-cvm.ca\/index.php?rest_route=\/wp\/v2\/pages\/1176\/revisions\/1195"}],"wp:featuredmedia":[{"embeddable":true,"href":"http:\/\/www.ethique-rlaroche.philo-cvm.ca\/index.php?rest_route=\/wp\/v2\/media\/1177"}],"wp:attachment":[{"href":"http:\/\/www.ethique-rlaroche.philo-cvm.ca\/index.php?rest_route=%2Fwp%2Fv2%2Fmedia&parent=1176"}],"curies":[{"name":"wp","href":"https:\/\/api.w.org\/{rel}","templated":true}]}}