{"id":1162,"date":"2020-01-09T22:30:49","date_gmt":"2020-01-09T22:30:49","guid":{"rendered":"https:\/\/ethique-rlaroche.profweb.ca\/?page_id=1162"},"modified":"2020-01-10T10:44:34","modified_gmt":"2020-01-10T10:44:34","slug":"une-analyse","status":"publish","type":"page","link":"http:\/\/www.ethique-rlaroche.philo-cvm.ca\/?page_id=1162","title":{"rendered":"Une analyse?"},"content":{"rendered":"\n<p>Le dictionnaire nous dit que  l&rsquo;analyse est une \u00abop\u00e9ration intellectuelle consistant \u00e0 d\u00e9composer un tout en ses \u00e9l\u00e9ments constituants et d&rsquo;en \u00e9tablir les relations\u00bb. <\/p>\n\n\n\n<p>Les sujets de r\u00e9flexion auxquels nous nous int\u00e9ressons pendant la session sont complexes, ils impliquent des paradoxes et des contradictions, certains demeurent inconscients ou tabous. <\/p>\n\n\n\n<p>En faire l&rsquo;analyse consiste \u00e0 d\u00e9composer ces m\u00e9langes d&rsquo;affectivit\u00e9s, d&rsquo;informations plus ou moins vraies, de croyances et de valeurs ou encore d&rsquo;illusions pour mieux les comprendre. <\/p>\n\n\n\n<p>Comprendre et rendre intelligible un sujet de r\u00e9flexion consiste \u00e0 \u00e9tablir des relations: d\u00e9gager des rapports de causes \u00e0 effets, identifier des traits communs, nommer, saisir des diff\u00e9rences, \u00e9tablir le contexte historique, chercher des pr\u00e9cisions, nuancer, argumenter&#8230;<\/p>\n","protected":false},"excerpt":{"rendered":"<p>Le dictionnaire nous dit que l&rsquo;analyse est une \u00abop\u00e9ration intellectuelle consistant \u00e0 d\u00e9composer un tout en ses \u00e9l\u00e9ments constituants et d&rsquo;en \u00e9tablir les relations\u00bb. Les &#8230;<\/p>\n","protected":false},"author":1,"featured_media":1164,"parent":0,"menu_order":0,"comment_status":"closed","ping_status":"closed","template":"","meta":{"footnotes":""},"class_list":["post-1162","page","type-page","status-publish","has-post-thumbnail","hentry"],"_links":{"self":[{"href":"http:\/\/www.ethique-rlaroche.philo-cvm.ca\/index.php?rest_route=\/wp\/v2\/pages\/1162","targetHints":{"allow":["GET"]}}],"collection":[{"href":"http:\/\/www.ethique-rlaroche.philo-cvm.ca\/index.php?rest_route=\/wp\/v2\/pages"}],"about":[{"href":"http:\/\/www.ethique-rlaroche.philo-cvm.ca\/index.php?rest_route=\/wp\/v2\/types\/page"}],"author":[{"embeddable":true,"href":"http:\/\/www.ethique-rlaroche.philo-cvm.ca\/index.php?rest_route=\/wp\/v2\/users\/1"}],"replies":[{"embeddable":true,"href":"http:\/\/www.ethique-rlaroche.philo-cvm.ca\/index.php?rest_route=%2Fwp%2Fv2%2Fcomments&post=1162"}],"version-history":[{"count":3,"href":"http:\/\/www.ethique-rlaroche.philo-cvm.ca\/index.php?rest_route=\/wp\/v2\/pages\/1162\/revisions"}],"predecessor-version":[{"id":1175,"href":"http:\/\/www.ethique-rlaroche.philo-cvm.ca\/index.php?rest_route=\/wp\/v2\/pages\/1162\/revisions\/1175"}],"wp:featuredmedia":[{"embeddable":true,"href":"http:\/\/www.ethique-rlaroche.philo-cvm.ca\/index.php?rest_route=\/wp\/v2\/media\/1164"}],"wp:attachment":[{"href":"http:\/\/www.ethique-rlaroche.philo-cvm.ca\/index.php?rest_route=%2Fwp%2Fv2%2Fmedia&parent=1162"}],"curies":[{"name":"wp","href":"https:\/\/api.w.org\/{rel}","templated":true}]}}