{"id":1157,"date":"2020-01-09T22:19:58","date_gmt":"2020-01-09T22:19:58","guid":{"rendered":"https:\/\/ethique-rlaroche.profweb.ca\/?page_id=1157"},"modified":"2021-01-11T15:38:54","modified_gmt":"2021-01-11T15:38:54","slug":"problematique","status":"publish","type":"page","link":"http:\/\/www.ethique-rlaroche.philo-cvm.ca\/?page_id=1157","title":{"rendered":"Probl\u00e9matique"},"content":{"rendered":"\n<p>C&rsquo;est simple une probl\u00e9matique : <\/p>\n\n\n\n<p>Il s\u2019agit de dire pourquoi ce que vous choisissez comme sujet de r\u00e9flexion est important pour mener votre enqu\u00eate. <\/p>\n\n\n\n<p>En ce sens, au moment d&rsquo;expliquer la probl\u00e9matique, il faut dire pourquoi vous croyez que la question  retenue n\u00e9cessite une analyse et un effort d\u2019interpr\u00e9tation. <\/p>\n\n\n\n<p>Si vous avez choisi tel ou tel sujet de r\u00e9flexion, j&rsquo;imagine que c&rsquo;est parce qu&rsquo;il est int\u00e9ressant. Pourquoi le sera-t-il aux yeux des lecteurs et des lectrices de votre r\u00e9daction? <\/p>\n\n\n\n<p>Ce souci devrait vous  permettre d&rsquo;identifier des enjeux qui concernent les autres c&rsquo;est-\u00e0-dire les liens qui nous unissent ou qui nous divisent. <\/p>\n\n\n\n<p>Vos r\u00e9dactions ne sont pas des devoirs de philo mais de v\u00e9ritables devoirs de citoyennes et de citoyens. <\/p>\n","protected":false},"excerpt":{"rendered":"<p>C&rsquo;est simple une probl\u00e9matique : Il s\u2019agit de dire pourquoi ce que vous choisissez comme sujet de r\u00e9flexion est important pour mener votre enqu\u00eate. En &#8230;<\/p>\n","protected":false},"author":1,"featured_media":1158,"parent":0,"menu_order":0,"comment_status":"closed","ping_status":"closed","template":"","meta":{"footnotes":""},"class_list":["post-1157","page","type-page","status-publish","has-post-thumbnail","hentry"],"_links":{"self":[{"href":"http:\/\/www.ethique-rlaroche.philo-cvm.ca\/index.php?rest_route=\/wp\/v2\/pages\/1157","targetHints":{"allow":["GET"]}}],"collection":[{"href":"http:\/\/www.ethique-rlaroche.philo-cvm.ca\/index.php?rest_route=\/wp\/v2\/pages"}],"about":[{"href":"http:\/\/www.ethique-rlaroche.philo-cvm.ca\/index.php?rest_route=\/wp\/v2\/types\/page"}],"author":[{"embeddable":true,"href":"http:\/\/www.ethique-rlaroche.philo-cvm.ca\/index.php?rest_route=\/wp\/v2\/users\/1"}],"replies":[{"embeddable":true,"href":"http:\/\/www.ethique-rlaroche.philo-cvm.ca\/index.php?rest_route=%2Fwp%2Fv2%2Fcomments&post=1157"}],"version-history":[{"count":5,"href":"http:\/\/www.ethique-rlaroche.philo-cvm.ca\/index.php?rest_route=\/wp\/v2\/pages\/1157\/revisions"}],"predecessor-version":[{"id":7601,"href":"http:\/\/www.ethique-rlaroche.philo-cvm.ca\/index.php?rest_route=\/wp\/v2\/pages\/1157\/revisions\/7601"}],"wp:featuredmedia":[{"embeddable":true,"href":"http:\/\/www.ethique-rlaroche.philo-cvm.ca\/index.php?rest_route=\/wp\/v2\/media\/1158"}],"wp:attachment":[{"href":"http:\/\/www.ethique-rlaroche.philo-cvm.ca\/index.php?rest_route=%2Fwp%2Fv2%2Fmedia&parent=1157"}],"curies":[{"name":"wp","href":"https:\/\/api.w.org\/{rel}","templated":true}]}}