{"id":1141,"date":"2020-01-09T21:32:12","date_gmt":"2020-01-09T21:32:12","guid":{"rendered":"https:\/\/ethique-rlaroche.profweb.ca\/?page_id=1141"},"modified":"2021-01-11T15:36:31","modified_gmt":"2021-01-11T15:36:31","slug":"amenez-le-sujet-de-votre-reflexion","status":"publish","type":"page","link":"http:\/\/www.ethique-rlaroche.philo-cvm.ca\/?page_id=1141","title":{"rendered":"Amener le sujet de votre r\u00e9flexion"},"content":{"rendered":"\n<p>Il vous faut apprendre \u00e0 nommer et conceptualiser ce que vous allez d\u00e9velopper comme questionnement. Mais il faut aussi que le lecteur ou la lectrice puisse se situer par rapport \u00e0 l&rsquo;ensemble infini des questions \u00e9thiques et politiques. <\/p>\n\n\n\n<p>Prendrez-vous une situation particuli\u00e8re \u00e0 titre de point de d\u00e9part pour guider celles et ceux \u00e0 qui vous vous adressez, par exemple un \u00e9v\u00e9nement relevant de l&rsquo;actualit\u00e9 ?<\/p>\n\n\n\n<p>Ou peut-\u00eatre que vous utiliserez une proposition plus universelle et g\u00e9n\u00e9rale d&rsquo;o\u00f9 d\u00e9coule votre interrogation?  <\/p>\n\n\n\n<p>Concret ou abstrait? <\/p>\n\n\n\n<p>Ces deux voies sont bonnes pour amener le sujet d&rsquo;une r\u00e9flexion.<\/p>\n\n\n\n<p><\/p>\n","protected":false},"excerpt":{"rendered":"<p>Il vous faut apprendre \u00e0 nommer et conceptualiser ce que vous allez d\u00e9velopper comme questionnement. Mais il faut aussi que le lecteur ou la lectrice &#8230;<\/p>\n","protected":false},"author":1,"featured_media":1143,"parent":0,"menu_order":0,"comment_status":"closed","ping_status":"closed","template":"","meta":{"footnotes":""},"class_list":["post-1141","page","type-page","status-publish","has-post-thumbnail","hentry"],"_links":{"self":[{"href":"http:\/\/www.ethique-rlaroche.philo-cvm.ca\/index.php?rest_route=\/wp\/v2\/pages\/1141","targetHints":{"allow":["GET"]}}],"collection":[{"href":"http:\/\/www.ethique-rlaroche.philo-cvm.ca\/index.php?rest_route=\/wp\/v2\/pages"}],"about":[{"href":"http:\/\/www.ethique-rlaroche.philo-cvm.ca\/index.php?rest_route=\/wp\/v2\/types\/page"}],"author":[{"embeddable":true,"href":"http:\/\/www.ethique-rlaroche.philo-cvm.ca\/index.php?rest_route=\/wp\/v2\/users\/1"}],"replies":[{"embeddable":true,"href":"http:\/\/www.ethique-rlaroche.philo-cvm.ca\/index.php?rest_route=%2Fwp%2Fv2%2Fcomments&post=1141"}],"version-history":[{"count":6,"href":"http:\/\/www.ethique-rlaroche.philo-cvm.ca\/index.php?rest_route=\/wp\/v2\/pages\/1141\/revisions"}],"predecessor-version":[{"id":7599,"href":"http:\/\/www.ethique-rlaroche.philo-cvm.ca\/index.php?rest_route=\/wp\/v2\/pages\/1141\/revisions\/7599"}],"wp:featuredmedia":[{"embeddable":true,"href":"http:\/\/www.ethique-rlaroche.philo-cvm.ca\/index.php?rest_route=\/wp\/v2\/media\/1143"}],"wp:attachment":[{"href":"http:\/\/www.ethique-rlaroche.philo-cvm.ca\/index.php?rest_route=%2Fwp%2Fv2%2Fmedia&parent=1141"}],"curies":[{"name":"wp","href":"https:\/\/api.w.org\/{rel}","templated":true}]}}