{"id":1133,"date":"2020-01-09T21:18:12","date_gmt":"2020-01-09T21:18:12","guid":{"rendered":"https:\/\/ethique-rlaroche.profweb.ca\/?page_id=1133"},"modified":"2024-01-27T12:52:34","modified_gmt":"2024-01-27T12:52:34","slug":"quest-ce-que-lexergue-et-pourquoi","status":"publish","type":"page","link":"http:\/\/www.ethique-rlaroche.philo-cvm.ca\/?page_id=1133","title":{"rendered":"Qu&rsquo;est-ce que l&rsquo;exergue et pourquoi?"},"content":{"rendered":"\n<p>Mettre quelque chose en exergue consiste \u00e0 placer en \u00e9vidence un aspect de la r\u00e9flexion permettant d&rsquo;annoncer et faciliter la compr\u00e9hension de ce qui suivra. <\/p>\n\n\n\n<p>L&rsquo;exergue, dans le cadre de nos enqu\u00eates, peut prendre diverses formes: image, citation, vid\u00e9o, bande son, hyperlien ou encore il peut s&rsquo;agir d&rsquo;une r\u00e9f\u00e9rence \u00e0 un \u00e9v\u00e9nement ou \u00e0 une \u0153uvre d&rsquo;art&#8230; <\/p>\n\n\n\n<p>L&rsquo;exergue aide le lecteur ou la lectrice mais aussi celle ou celui qui r\u00e9dige car sa recherche permet de synth\u00e9tiser le caract\u00e8re essentiel de la r\u00e9flexion, du message et des id\u00e9es d\u00e9velopp\u00e9s. <\/p>\n","protected":false},"excerpt":{"rendered":"<p>Mettre quelque chose en exergue consiste \u00e0 placer en \u00e9vidence un aspect de la r\u00e9flexion permettant d&rsquo;annoncer et faciliter la compr\u00e9hension de ce qui suivra. &#8230;<\/p>\n","protected":false},"author":1,"featured_media":32564,"parent":0,"menu_order":0,"comment_status":"closed","ping_status":"closed","template":"","meta":{"footnotes":""},"class_list":["post-1133","page","type-page","status-publish","has-post-thumbnail","hentry"],"_links":{"self":[{"href":"http:\/\/www.ethique-rlaroche.philo-cvm.ca\/index.php?rest_route=\/wp\/v2\/pages\/1133","targetHints":{"allow":["GET"]}}],"collection":[{"href":"http:\/\/www.ethique-rlaroche.philo-cvm.ca\/index.php?rest_route=\/wp\/v2\/pages"}],"about":[{"href":"http:\/\/www.ethique-rlaroche.philo-cvm.ca\/index.php?rest_route=\/wp\/v2\/types\/page"}],"author":[{"embeddable":true,"href":"http:\/\/www.ethique-rlaroche.philo-cvm.ca\/index.php?rest_route=\/wp\/v2\/users\/1"}],"replies":[{"embeddable":true,"href":"http:\/\/www.ethique-rlaroche.philo-cvm.ca\/index.php?rest_route=%2Fwp%2Fv2%2Fcomments&post=1133"}],"version-history":[{"count":5,"href":"http:\/\/www.ethique-rlaroche.philo-cvm.ca\/index.php?rest_route=\/wp\/v2\/pages\/1133\/revisions"}],"predecessor-version":[{"id":7598,"href":"http:\/\/www.ethique-rlaroche.philo-cvm.ca\/index.php?rest_route=\/wp\/v2\/pages\/1133\/revisions\/7598"}],"wp:featuredmedia":[{"embeddable":true,"href":"http:\/\/www.ethique-rlaroche.philo-cvm.ca\/index.php?rest_route=\/wp\/v2\/media\/32564"}],"wp:attachment":[{"href":"http:\/\/www.ethique-rlaroche.philo-cvm.ca\/index.php?rest_route=%2Fwp%2Fv2%2Fmedia&parent=1133"}],"curies":[{"name":"wp","href":"https:\/\/api.w.org\/{rel}","templated":true}]}}