{"id":1128,"date":"2020-01-09T21:12:20","date_gmt":"2020-01-09T21:12:20","guid":{"rendered":"https:\/\/ethique-rlaroche.profweb.ca\/?page_id=1128"},"modified":"2020-01-09T21:16:23","modified_gmt":"2020-01-09T21:16:23","slug":"introduction","status":"publish","type":"page","link":"http:\/\/www.ethique-rlaroche.philo-cvm.ca\/?page_id=1128","title":{"rendered":"INTRODUCTION"},"content":{"rendered":"\n<p>Imaginez que vous \u00e9crivez dans le but d\u2019\u00eatre lu par des personnes ayant int\u00e9r\u00eat \u00e0 prendre connaissance de ce que vous souhaitez expliquer. En ce sens, il est important de travailler \u00e0 \u00eatre compris par des lecteurs et des lectrices qui n\u2019ont pas suivis le cours.<\/p>\n\n\n\n<p>Comprenez que nous menons de v\u00e9ritables enqu\u00eates \u00e0 titre de citoyens et de citoyennes engag\u00e9.es. C&rsquo;est pourquoi, nous cherchons \u00e0 constituer un v\u00e9ritable public au sens o\u00f9 John Dewey nous am\u00e8ne \u00e0 y r\u00e9fl\u00e9chir.<\/p>\n","protected":false},"excerpt":{"rendered":"<p>Imaginez que vous \u00e9crivez dans le but d\u2019\u00eatre lu par des personnes ayant int\u00e9r\u00eat \u00e0 prendre connaissance de ce que vous souhaitez expliquer. En ce &#8230;<\/p>\n","protected":false},"author":1,"featured_media":1123,"parent":0,"menu_order":0,"comment_status":"closed","ping_status":"closed","template":"","meta":{"footnotes":""},"class_list":["post-1128","page","type-page","status-publish","has-post-thumbnail","hentry"],"_links":{"self":[{"href":"http:\/\/www.ethique-rlaroche.philo-cvm.ca\/index.php?rest_route=\/wp\/v2\/pages\/1128","targetHints":{"allow":["GET"]}}],"collection":[{"href":"http:\/\/www.ethique-rlaroche.philo-cvm.ca\/index.php?rest_route=\/wp\/v2\/pages"}],"about":[{"href":"http:\/\/www.ethique-rlaroche.philo-cvm.ca\/index.php?rest_route=\/wp\/v2\/types\/page"}],"author":[{"embeddable":true,"href":"http:\/\/www.ethique-rlaroche.philo-cvm.ca\/index.php?rest_route=\/wp\/v2\/users\/1"}],"replies":[{"embeddable":true,"href":"http:\/\/www.ethique-rlaroche.philo-cvm.ca\/index.php?rest_route=%2Fwp%2Fv2%2Fcomments&post=1128"}],"version-history":[{"count":3,"href":"http:\/\/www.ethique-rlaroche.philo-cvm.ca\/index.php?rest_route=\/wp\/v2\/pages\/1128\/revisions"}],"predecessor-version":[{"id":1132,"href":"http:\/\/www.ethique-rlaroche.philo-cvm.ca\/index.php?rest_route=\/wp\/v2\/pages\/1128\/revisions\/1132"}],"wp:featuredmedia":[{"embeddable":true,"href":"http:\/\/www.ethique-rlaroche.philo-cvm.ca\/index.php?rest_route=\/wp\/v2\/media\/1123"}],"wp:attachment":[{"href":"http:\/\/www.ethique-rlaroche.philo-cvm.ca\/index.php?rest_route=%2Fwp%2Fv2%2Fmedia&parent=1128"}],"curies":[{"name":"wp","href":"https:\/\/api.w.org\/{rel}","templated":true}]}}