{"id":1109,"date":"2020-01-09T18:36:17","date_gmt":"2020-01-09T18:36:17","guid":{"rendered":"https:\/\/ethique-rlaroche.profweb.ca\/?page_id=1109"},"modified":"2024-09-16T17:30:05","modified_gmt":"2024-09-16T17:30:05","slug":"methode","status":"publish","type":"page","link":"http:\/\/www.ethique-rlaroche.philo-cvm.ca\/?page_id=1109","title":{"rendered":"CONSIGNES DE R\u00c9DACTION"},"content":{"rendered":"\n<h4 class=\"wp-block-heading\">Accordez toute votre attention \u00e0 cette page interactive car elle pr\u00e9sente la d\u00e9marche qui donne sa coh\u00e9rence \u00e0 l&rsquo;ensemble du cours. Une m\u00e9thode qui devrait guider et structurer vos enqu\u00eates ainsi que vos r\u00e9dactions. <\/h4>\n\n\n\n<p>En suivant les hyperliens vous aurez l&rsquo;occasion de saisir plus clairement l&rsquo;esprit de la m\u00e9thode. <\/p>\n\n\n\n<h4 class=\"wp-block-heading\">M\u00c9THODE<\/h4>\n\n\n\n<p><a aria-label=\"exergue (s\u2019ouvre dans un nouvel onglet)\" href=\"http:\/\/www.philo-cvm.ca\/?page_id=1133\" target=\"_blank\" rel=\"noreferrer noopener\">EXERGUE<\/a> <\/p>\n\n\n\n<p>Prenez soin de placer au tout d\u00e9but de votre texte une courte citation, une image ou une information pertinente exprimant le sens de votre questionnement.<\/p>\n\n\n\n<p class=\"has-text-align-left\"><strong><a aria-label=\"INTRODUCTION  (s\u2019ouvre dans un nouvel onglet)\" href=\"http:\/\/www.philo-cvm.ca\/?page_id=1128\" target=\"_blank\" rel=\"noreferrer noopener\">INTRODUCTION <\/a><\/strong><\/p>\n\n\n\n<p><a aria-label=\"Amenez le sujet de votre r\u00e9flexion (s\u2019ouvre dans un nouvel onglet)\" href=\"http:\/\/www.philo-cvm.ca\/?page_id=1141\" target=\"_blank\" rel=\"noreferrer noopener\">Amenez le sujet de votre r\u00e9flexion<\/a> de fa\u00e7on \u00e0 susciter l\u2019int\u00e9r\u00eat des lecteurs. <\/p>\n\n\n\n<p>Expliquez la <a aria-label=\"probl\u00e9matique (s\u2019ouvre dans un nouvel onglet)\" href=\"http:\/\/www.philo-cvm.ca\/?page_id=1157\" target=\"_blank\" rel=\"noreferrer noopener\">probl\u00e9matique<\/a> qui servira de fil conducteur au d\u00e9veloppement de vos observations et de leur <a aria-label=\"analyse (s\u2019ouvre dans un nouvel onglet)\" href=\"http:\/\/www.philo-cvm.ca\/?page_id=1162\" target=\"_blank\" rel=\"noreferrer noopener\">analyse<\/a>. Prenez soin de dire pourquoi votre<a href=\"http:\/\/www.philo-cvm.ca\/?page_id=1211\" target=\"_blank\" rel=\"noreferrer noopener\"> <\/a>sujet n\u00e9cessite la r\u00e9flexion propos\u00e9e.<\/p>\n\n\n\n<p>Formulez une question claire et inspirante. <\/p>\n\n\n\n<p class=\"has-text-align-left\"><strong><a aria-label=\"D\u00c9VELOPPEMENT  (s\u2019ouvre dans un nouvel onglet)\" href=\"http:\/\/www.philo-cvm.ca\/?page_id=1182\" target=\"_blank\" rel=\"noreferrer noopener\">D\u00c9VELOPPEMENT <\/a><\/strong><\/p>\n\n\n\n<p><a aria-label=\"Commentez  (s\u2019ouvre dans un nouvel onglet)\" rel=\"noreferrer noopener\" href=\"http:\/\/www.philo-cvm.ca\/?page_id=1176\" target=\"_blank\">Commentez <\/a>la fa\u00e7on dont vous vous situez par rapport au probl\u00e8me pos\u00e9 en r\u00e9f\u00e9rant explicitement \u00e0 la <a href=\"http:\/\/www.philo-cvm.ca\/?page_id=1201\" target=\"_blank\" rel=\"noreferrer noopener\" aria-label=\"th\u00e9matique (s\u2019ouvre dans un nouvel onglet)\">th\u00e9matique<\/a> que nous avons \u00e9tudi\u00e9e en classe. <\/p>\n\n\n\n<p>Il s\u2019agit, en fait, de chercher \u00e0 r\u00e9fl\u00e9chir la <a rel=\"noreferrer noopener\" aria-label=\"cons\u00e9quences subjectives (s\u2019ouvre dans un nouvel onglet)\" href=\"http:\/\/www.philo-cvm.ca\/?page_id=1224\" target=\"_blank\">dimension subjective<\/a> de votre enqu\u00eate : <\/p>\n\n\n\n<p>1- D\u00e9crivez ce qui vous affecte, <a aria-label=\"vos sentiments et vos impressions (s\u2019ouvre dans un nouvel onglet)\" href=\"http:\/\/www.philo-cvm.ca\/?page_id=1252\" target=\"_blank\" rel=\"noreferrer noopener\">vos sentiments et vos impressions<\/a> concernant la probl\u00e9matique choisie.<\/p>\n\n\n\n<p>2- D\u00e9crivez votre enqu\u00eate et le processus d&rsquo;observation ou r\u00e9flexion qui en d\u00e9coulent.<\/p>\n\n\n\n<p>3- Faites le r\u00e9cit ou la description de ce qu\u2019a donn\u00e9 votre enqu\u00eate, comment vous l\u2019avez v\u00e9cue.<\/p>\n\n\n\n<h5 class=\"wp-block-heading\">Poursuivez votre r\u00e9flexion en cherchant \u00e0 en augmenter le <a aria-label=\"cons\u00e9quences objectives (s\u2019ouvre dans un nouvel onglet)\" href=\"http:\/\/www.philo-cvm.ca\/?page_id=1351\" target=\"_blank\" rel=\"noreferrer noopener\">degr\u00e9 d&rsquo;objectivit\u00e9<\/a> : <\/h5>\n\n\n\n<p>4- Th\u00e9orisez les liens que vous faites entre vos observations et la probl\u00e9matique en utilisant les textes que nous avons discut\u00e9s en classe.<\/p>\n\n\n\n<p>5- Dites quels sont les effets de votre enqu\u00eate et son analyse sur la signification sociale que vous accordez au sujet trait\u00e9. Autrement dit, expliquez en quoi cela change votre fa\u00e7on de voir, concevoir et comprendre.<\/p>\n\n\n\n<p class=\"has-text-align-left\"><strong><a href=\"http:\/\/www.philo-cvm.ca\/?page_id=1367\" target=\"_blank\" rel=\"noreferrer noopener\" aria-label=\"CONCLUSION  (s\u2019ouvre dans un nouvel onglet)\">CONCLUSION <\/a><\/strong><\/p>\n\n\n\n<p>Synth\u00e9tisez l\u2019essentiel de votre r\u00e9flexion en r\u00e9pondant \u00e0 cette question : <\/p>\n\n\n\n<p>5- Des institutions devraient-elles \u00eatre modifi\u00e9es afin de r\u00e9inventer les rapports humains ? <\/p>\n\n\n\n<p><a href=\"http:\/\/www.philo-cvm.ca\/?page_id=1378\" target=\"_blank\" rel=\"noreferrer noopener\" aria-label=\"Ouverture (s\u2019ouvre dans un nouvel onglet)\">Ouverture<\/a> : <\/p>\n\n\n\n<p>Pr\u00e9sentez de nouvelles perspectives d\u2019analyses ou encore identifiez ce qui pourrait faire l&rsquo;objet d&rsquo;un approfondissement. <\/p>\n","protected":false},"excerpt":{"rendered":"<p>Accordez toute votre attention \u00e0 cette page interactive car elle pr\u00e9sente la d\u00e9marche qui donne sa coh\u00e9rence \u00e0 l&rsquo;ensemble du cours. Une m\u00e9thode qui devrait &#8230;<\/p>\n","protected":false},"author":1,"featured_media":32555,"parent":0,"menu_order":0,"comment_status":"closed","ping_status":"closed","template":"","meta":{"footnotes":""},"class_list":["post-1109","page","type-page","status-publish","has-post-thumbnail","hentry"],"_links":{"self":[{"href":"http:\/\/www.ethique-rlaroche.philo-cvm.ca\/index.php?rest_route=\/wp\/v2\/pages\/1109","targetHints":{"allow":["GET"]}}],"collection":[{"href":"http:\/\/www.ethique-rlaroche.philo-cvm.ca\/index.php?rest_route=\/wp\/v2\/pages"}],"about":[{"href":"http:\/\/www.ethique-rlaroche.philo-cvm.ca\/index.php?rest_route=\/wp\/v2\/types\/page"}],"author":[{"embeddable":true,"href":"http:\/\/www.ethique-rlaroche.philo-cvm.ca\/index.php?rest_route=\/wp\/v2\/users\/1"}],"replies":[{"embeddable":true,"href":"http:\/\/www.ethique-rlaroche.philo-cvm.ca\/index.php?rest_route=%2Fwp%2Fv2%2Fcomments&post=1109"}],"version-history":[{"count":75,"href":"http:\/\/www.ethique-rlaroche.philo-cvm.ca\/index.php?rest_route=\/wp\/v2\/pages\/1109\/revisions"}],"predecessor-version":[{"id":36027,"href":"http:\/\/www.ethique-rlaroche.philo-cvm.ca\/index.php?rest_route=\/wp\/v2\/pages\/1109\/revisions\/36027"}],"wp:featuredmedia":[{"embeddable":true,"href":"http:\/\/www.ethique-rlaroche.philo-cvm.ca\/index.php?rest_route=\/wp\/v2\/media\/32555"}],"wp:attachment":[{"href":"http:\/\/www.ethique-rlaroche.philo-cvm.ca\/index.php?rest_route=%2Fwp%2Fv2%2Fmedia&parent=1109"}],"curies":[{"name":"wp","href":"https:\/\/api.w.org\/{rel}","templated":true}]}}